{"id":10861,"date":"2024-09-25T10:04:28","date_gmt":"2024-09-25T10:04:28","guid":{"rendered":"https:\/\/adfi-ci.org\/?page_id=10861"},"modified":"2024-09-25T10:08:04","modified_gmt":"2024-09-25T10:08:04","slug":"blog","status":"publish","type":"page","link":"https:\/\/adfi-ci.org\/fr\/blog\/","title":{"rendered":"Blog"},"content":{"rendered":"<div data-elementor-type=\"wp-page\" data-elementor-id=\"10861\" class=\"elementor elementor-10861\" data-elementor-post-type=\"page\">\n\t\t\t\t<div class=\"elementor-element elementor-element-571da8be e-flex e-con-boxed e-con e-parent\" data-id=\"571da8be\" data-element_type=\"container\" data-e-type=\"container\">\n\t\t\t\t\t<div class=\"e-con-inner\">\n\t\t<div class=\"elementor-element elementor-element-1733490 e-con-full e-flex e-con e-child\" data-id=\"1733490\" data-element_type=\"container\" data-e-type=\"container\">\n\t\t\t\t<div class=\"elementor-element elementor-element-c325b62 elementor-widget elementor-widget-heading\" data-id=\"c325b62\" data-element_type=\"widget\" data-e-type=\"widget\" data-widget_type=\"heading.default\">\n\t\t\t\t\t<h2 class=\"elementor-heading-title elementor-size-default\">Blog<\/h2>\t\t\t\t<\/div>\n\t\t\t\t<div class=\"elementor-element elementor-element-2bb7c7f elementor-widget__width-initial elementor-grid-eael-col-4 elementor-grid-tablet-eael-col-2 elementor-grid-mobile-eael-col-1 elementor-widget elementor-widget-eael-post-grid\" data-id=\"2bb7c7f\" data-element_type=\"widget\" data-e-type=\"widget\" data-settings=\"{&quot;eael_post_grid_columns&quot;:&quot;eael-col-4&quot;,&quot;eael_post_grid_columns_tablet&quot;:&quot;eael-col-2&quot;,&quot;eael_post_grid_columns_mobile&quot;:&quot;eael-col-1&quot;}\" data-widget_type=\"eael-post-grid.default\">\n\t\t\t\t\t<div id=\"eael-post-grid-2bb7c7f\" class=\"eael-post-grid-container\">\n            <div class=\"eael-post-grid eael-post-appender eael-post-appender-2bb7c7f eael-post-grid-style-one\" data-layout-mode=\"grid\"><article class=\"eael-grid-post  eael-post-grid-column eael-pg-post-7837 category-blog-members-news\" data-id=\"7837\">\n        <div class=\"eael-grid-post-holder\">\n            <div class=\"eael-grid-post-holder-inner\"><div class=\"eael-entry-media\"><div class=\"eael-entry-overlay zoom-in\"><i class=\"\" aria-hidden=\"true\"><\/i><a href=\"https:\/\/adfi-ci.org\/fr\/leveraging-africas-comparative-advantage-for-its-development-in-a-globalized-world\/\"><\/a><\/div><div class=\"eael-entry-thumbnail\">\n                <img fetchpriority=\"high\" decoding=\"async\" width=\"1024\" height=\"511\" src=\"https:\/\/i0.wp.com\/adfi-ci.org\/wp-content\/uploads\/2023\/12\/Leveraging-Africas.png?fit=1024%2C511&amp;ssl=1\" class=\"attachment-full size-full wp-image-7839\" alt=\"\" srcset=\"https:\/\/i0.wp.com\/adfi-ci.org\/wp-content\/uploads\/2023\/12\/Leveraging-Africas.png?w=1024&amp;ssl=1 1024w, https:\/\/i0.wp.com\/adfi-ci.org\/wp-content\/uploads\/2023\/12\/Leveraging-Africas.png?resize=300%2C150&amp;ssl=1 300w, https:\/\/i0.wp.com\/adfi-ci.org\/wp-content\/uploads\/2023\/12\/Leveraging-Africas.png?resize=768%2C383&amp;ssl=1 768w, https:\/\/i0.wp.com\/adfi-ci.org\/wp-content\/uploads\/2023\/12\/Leveraging-Africas.png?resize=18%2C9&amp;ssl=1 18w, https:\/\/i0.wp.com\/adfi-ci.org\/wp-content\/uploads\/2023\/12\/Leveraging-Africas.png?resize=600%2C299&amp;ssl=1 600w\" sizes=\"(max-width: 1000px) 100vw, 1000px\" \/>\n            <\/div>\n        <\/div><div class=\"eael-entry-wrapper\"><header class=\"eael-entry-header\"><h2 class=\"eael-entry-title\"><a class=\"eael-grid-post-link\" href=\"https:\/\/adfi-ci.org\/fr\/leveraging-africas-comparative-advantage-for-its-development-in-a-globalized-world\/\" title=\"Tirer parti de l\u2019avantage comparatif de l\u2019Afrique pour son d\u00e9veloppement dans un monde globalis\u00e9\">Tirer parti de l\u2019avantage comparatif de l\u2019Afrique pour son d\u00e9veloppement dans un monde globalis\u00e9<\/a><\/h2><\/header><div class=\"eael-entry-header-after\"><div class=\"eael-entry-meta\"><span class=\"eael-posted-on\"><time datetime=\"d\u00e9cembre 8, 2023\">d\u00e9cembre 8, 2023<\/time><\/span><\/div><\/div><\/div><\/div>\n        <\/div>\n    <\/article><article class=\"eael-grid-post  eael-post-grid-column eael-pg-post-5642 category-blog-members-news\" data-id=\"5642\">\n        <div class=\"eael-grid-post-holder\">\n            <div class=\"eael-grid-post-holder-inner\"><div class=\"eael-entry-media\"><div class=\"eael-entry-overlay zoom-in\"><i class=\"\" aria-hidden=\"true\"><\/i><a href=\"https:\/\/adfi-ci.org\/fr\/bolstering-the-path-out-of-the-debt-crisis-in-africa-through-domestic-resource-mobilization\/\"><\/a><\/div><div class=\"eael-entry-thumbnail\">\n                <img decoding=\"async\" width=\"1024\" height=\"1024\" src=\"https:\/\/i0.wp.com\/adfi-ci.org\/wp-content\/uploads\/2023\/10\/Bolstering-the-path-out-of-the-debt-crisis-in-africa-through-domestic-resource-mobilization-1-1024x1024-1.png?fit=1024%2C1024&amp;ssl=1\" class=\"attachment-full size-full wp-image-7234\" alt=\"\" srcset=\"https:\/\/i0.wp.com\/adfi-ci.org\/wp-content\/uploads\/2023\/10\/Bolstering-the-path-out-of-the-debt-crisis-in-africa-through-domestic-resource-mobilization-1-1024x1024-1.png?w=1024&amp;ssl=1 1024w, https:\/\/i0.wp.com\/adfi-ci.org\/wp-content\/uploads\/2023\/10\/Bolstering-the-path-out-of-the-debt-crisis-in-africa-through-domestic-resource-mobilization-1-1024x1024-1.png?resize=300%2C300&amp;ssl=1 300w, https:\/\/i0.wp.com\/adfi-ci.org\/wp-content\/uploads\/2023\/10\/Bolstering-the-path-out-of-the-debt-crisis-in-africa-through-domestic-resource-mobilization-1-1024x1024-1.png?resize=150%2C150&amp;ssl=1 150w, https:\/\/i0.wp.com\/adfi-ci.org\/wp-content\/uploads\/2023\/10\/Bolstering-the-path-out-of-the-debt-crisis-in-africa-through-domestic-resource-mobilization-1-1024x1024-1.png?resize=768%2C768&amp;ssl=1 768w, https:\/\/i0.wp.com\/adfi-ci.org\/wp-content\/uploads\/2023\/10\/Bolstering-the-path-out-of-the-debt-crisis-in-africa-through-domestic-resource-mobilization-1-1024x1024-1.png?resize=12%2C12&amp;ssl=1 12w, https:\/\/i0.wp.com\/adfi-ci.org\/wp-content\/uploads\/2023\/10\/Bolstering-the-path-out-of-the-debt-crisis-in-africa-through-domestic-resource-mobilization-1-1024x1024-1.png?resize=600%2C600&amp;ssl=1 600w\" sizes=\"(max-width: 1000px) 100vw, 1000px\" \/>\n            <\/div>\n        <\/div><div class=\"eael-entry-wrapper\"><header class=\"eael-entry-header\"><h2 class=\"eael-entry-title\"><a class=\"eael-grid-post-link\" href=\"https:\/\/adfi-ci.org\/fr\/bolstering-the-path-out-of-the-debt-crisis-in-africa-through-domestic-resource-mobilization\/\" title=\"Faciliter la sortie de la crise de la dette en Afrique gr\u00e2ce \u00e0 la mobilisation des ressources int\u00e9rieures\">Faciliter la sortie de la crise de la dette en Afrique gr\u00e2ce \u00e0 la mobilisation des ressources int\u00e9rieures<\/a><\/h2><\/header><div class=\"eael-entry-header-after\"><div class=\"eael-entry-meta\"><span class=\"eael-posted-on\"><time datetime=\"juillet 24, 2023\">juillet 24, 2023<\/time><\/span><\/div><\/div><\/div><\/div>\n        <\/div>\n    <\/article><article class=\"eael-grid-post  eael-post-grid-column eael-pg-post-5355 category-blog-members-news\" data-id=\"5355\">\n        <div class=\"eael-grid-post-holder\">\n            <div class=\"eael-grid-post-holder-inner\"><div class=\"eael-entry-media\"><div class=\"eael-entry-overlay zoom-in\"><i class=\"\" aria-hidden=\"true\"><\/i><a href=\"https:\/\/adfi-ci.org\/fr\/adopting-sustainable-business-model-in-dfis\/\"><\/a><\/div><div class=\"eael-entry-thumbnail\">\n                <img decoding=\"async\" width=\"1024\" height=\"1024\" src=\"https:\/\/i0.wp.com\/adfi-ci.org\/wp-content\/uploads\/2023\/10\/ADOPTING-SUSTAINABLE-BUSINESS-MODEL-IN-DFIs-1-1024x1024-1.png?fit=1024%2C1024&amp;ssl=1\" class=\"attachment-full size-full wp-image-7236\" alt=\"\" srcset=\"https:\/\/i0.wp.com\/adfi-ci.org\/wp-content\/uploads\/2023\/10\/ADOPTING-SUSTAINABLE-BUSINESS-MODEL-IN-DFIs-1-1024x1024-1.png?w=1024&amp;ssl=1 1024w, https:\/\/i0.wp.com\/adfi-ci.org\/wp-content\/uploads\/2023\/10\/ADOPTING-SUSTAINABLE-BUSINESS-MODEL-IN-DFIs-1-1024x1024-1.png?resize=300%2C300&amp;ssl=1 300w, https:\/\/i0.wp.com\/adfi-ci.org\/wp-content\/uploads\/2023\/10\/ADOPTING-SUSTAINABLE-BUSINESS-MODEL-IN-DFIs-1-1024x1024-1.png?resize=150%2C150&amp;ssl=1 150w, https:\/\/i0.wp.com\/adfi-ci.org\/wp-content\/uploads\/2023\/10\/ADOPTING-SUSTAINABLE-BUSINESS-MODEL-IN-DFIs-1-1024x1024-1.png?resize=768%2C768&amp;ssl=1 768w, https:\/\/i0.wp.com\/adfi-ci.org\/wp-content\/uploads\/2023\/10\/ADOPTING-SUSTAINABLE-BUSINESS-MODEL-IN-DFIs-1-1024x1024-1.png?resize=12%2C12&amp;ssl=1 12w, https:\/\/i0.wp.com\/adfi-ci.org\/wp-content\/uploads\/2023\/10\/ADOPTING-SUSTAINABLE-BUSINESS-MODEL-IN-DFIs-1-1024x1024-1.png?resize=600%2C600&amp;ssl=1 600w\" sizes=\"(max-width: 1000px) 100vw, 1000px\" \/>\n            <\/div>\n        <\/div><div class=\"eael-entry-wrapper\"><header class=\"eael-entry-header\"><h2 class=\"eael-entry-title\"><a class=\"eael-grid-post-link\" href=\"https:\/\/adfi-ci.org\/fr\/adopting-sustainable-business-model-in-dfis\/\" title=\"Adopting Sustainable Business Model in DFIs&#8217;\">Adopter un mod\u00e8le \u00e9conomique durable dans les IFD<\/a><\/h2><\/header><div class=\"eael-entry-header-after\"><div class=\"eael-entry-meta\"><span class=\"eael-posted-on\"><time datetime=\"mai 15, 2023\">mai 15, 2023<\/time><\/span><\/div><\/div><\/div><\/div>\n        <\/div>\n    <\/article><article class=\"eael-grid-post  eael-post-grid-column eael-pg-post-5219 category-blog-members-news\" data-id=\"5219\">\n        <div class=\"eael-grid-post-holder\">\n            <div class=\"eael-grid-post-holder-inner\"><div class=\"eael-entry-media\"><div class=\"eael-entry-overlay zoom-in\"><i class=\"\" aria-hidden=\"true\"><\/i><a href=\"https:\/\/adfi-ci.org\/fr\/energy-crises-in-african-most-developed-economy-what-can-dfis-do\/\"><\/a><\/div><div class=\"eael-entry-thumbnail\">\n                <img loading=\"lazy\" decoding=\"async\" width=\"1024\" height=\"1024\" src=\"https:\/\/i0.wp.com\/adfi-ci.org\/wp-content\/uploads\/2023\/10\/ENergey-1024x1024-1.png?fit=1024%2C1024&amp;ssl=1\" class=\"attachment-full size-full wp-image-7238\" alt=\"\" srcset=\"https:\/\/i0.wp.com\/adfi-ci.org\/wp-content\/uploads\/2023\/10\/ENergey-1024x1024-1.png?w=1024&amp;ssl=1 1024w, https:\/\/i0.wp.com\/adfi-ci.org\/wp-content\/uploads\/2023\/10\/ENergey-1024x1024-1.png?resize=300%2C300&amp;ssl=1 300w, https:\/\/i0.wp.com\/adfi-ci.org\/wp-content\/uploads\/2023\/10\/ENergey-1024x1024-1.png?resize=150%2C150&amp;ssl=1 150w, https:\/\/i0.wp.com\/adfi-ci.org\/wp-content\/uploads\/2023\/10\/ENergey-1024x1024-1.png?resize=768%2C768&amp;ssl=1 768w, https:\/\/i0.wp.com\/adfi-ci.org\/wp-content\/uploads\/2023\/10\/ENergey-1024x1024-1.png?resize=12%2C12&amp;ssl=1 12w, https:\/\/i0.wp.com\/adfi-ci.org\/wp-content\/uploads\/2023\/10\/ENergey-1024x1024-1.png?resize=600%2C600&amp;ssl=1 600w\" sizes=\"(max-width: 1000px) 100vw, 1000px\" \/>\n            <\/div>\n        <\/div><div class=\"eael-entry-wrapper\"><header class=\"eael-entry-header\"><h2 class=\"eael-entry-title\"><a class=\"eael-grid-post-link\" href=\"https:\/\/adfi-ci.org\/fr\/energy-crises-in-african-most-developed-economy-what-can-dfis-do\/\" title=\"Crises \u00e9nerg\u00e9tiques dans l&#039;\u00e9conomie la plus d\u00e9velopp\u00e9e d&#039;Afrique : que peuvent faire les IFD?\">Crises \u00e9nerg\u00e9tiques dans l'\u00e9conomie la plus d\u00e9velopp\u00e9e d'Afrique : que peuvent faire les IFD?<\/a><\/h2><\/header><div class=\"eael-entry-header-after\"><div class=\"eael-entry-meta\"><span class=\"eael-posted-on\"><time datetime=\"mars 30, 2023\">mars 30, 2023<\/time><\/span><\/div><\/div><\/div><\/div>\n        <\/div>\n    <\/article><article class=\"eael-grid-post  eael-post-grid-column eael-pg-post-5056 category-blog-members-news\" data-id=\"5056\">\n        <div class=\"eael-grid-post-holder\">\n            <div class=\"eael-grid-post-holder-inner\"><div class=\"eael-entry-media\"><div class=\"eael-entry-overlay zoom-in\"><i class=\"\" aria-hidden=\"true\"><\/i><a href=\"https:\/\/adfi-ci.org\/fr\/currency-redesign-what-implication-does-it-have-for-socio-economic-development-in-nigeria\/\"><\/a><\/div><div class=\"eael-entry-thumbnail\">\n                <img loading=\"lazy\" decoding=\"async\" width=\"1024\" height=\"511\" src=\"https:\/\/i0.wp.com\/adfi-ci.org\/wp-content\/uploads\/2023\/10\/Currency-Redesign-byPeterDaniel2-1-e1678139224982-1024x511-1.png?fit=1024%2C511&amp;ssl=1\" class=\"attachment-full size-full wp-image-7243\" alt=\"\" srcset=\"https:\/\/i0.wp.com\/adfi-ci.org\/wp-content\/uploads\/2023\/10\/Currency-Redesign-byPeterDaniel2-1-e1678139224982-1024x511-1.png?w=1024&amp;ssl=1 1024w, https:\/\/i0.wp.com\/adfi-ci.org\/wp-content\/uploads\/2023\/10\/Currency-Redesign-byPeterDaniel2-1-e1678139224982-1024x511-1.png?resize=300%2C150&amp;ssl=1 300w, https:\/\/i0.wp.com\/adfi-ci.org\/wp-content\/uploads\/2023\/10\/Currency-Redesign-byPeterDaniel2-1-e1678139224982-1024x511-1.png?resize=768%2C383&amp;ssl=1 768w, https:\/\/i0.wp.com\/adfi-ci.org\/wp-content\/uploads\/2023\/10\/Currency-Redesign-byPeterDaniel2-1-e1678139224982-1024x511-1.png?resize=18%2C9&amp;ssl=1 18w, https:\/\/i0.wp.com\/adfi-ci.org\/wp-content\/uploads\/2023\/10\/Currency-Redesign-byPeterDaniel2-1-e1678139224982-1024x511-1.png?resize=600%2C299&amp;ssl=1 600w\" sizes=\"(max-width: 1000px) 100vw, 1000px\" \/>\n            <\/div>\n        <\/div><div class=\"eael-entry-wrapper\"><header class=\"eael-entry-header\"><h2 class=\"eael-entry-title\"><a class=\"eael-grid-post-link\" href=\"https:\/\/adfi-ci.org\/fr\/currency-redesign-what-implication-does-it-have-for-socio-economic-development-in-nigeria\/\" title=\"La refonte de la monnaie : quelles sont ses implications pour le d\u00e9veloppement socio-\u00e9conomique du Nigeria ?\">La refonte de la monnaie : quelles sont ses implications pour le d\u00e9veloppement socio-\u00e9conomique du Nigeria ?<\/a><\/h2><\/header><div class=\"eael-entry-header-after\"><div class=\"eael-entry-meta\"><span class=\"eael-posted-on\"><time datetime=\"mars 6, 2023\">mars 6, 2023<\/time><\/span><\/div><\/div><\/div><\/div>\n        <\/div>\n    <\/article><article class=\"eael-grid-post  eael-post-grid-column eael-pg-post-4983 category-blog-members-news\" data-id=\"4983\">\n        <div class=\"eael-grid-post-holder\">\n            <div class=\"eael-grid-post-holder-inner\"><div class=\"eael-entry-media\"><div class=\"eael-entry-overlay zoom-in\"><i class=\"\" aria-hidden=\"true\"><\/i><a href=\"https:\/\/adfi-ci.org\/fr\/inflation-in-africa-and-the-dfis\/\"><\/a><\/div><div class=\"eael-entry-thumbnail\">\n                <img loading=\"lazy\" decoding=\"async\" width=\"400\" height=\"200\" src=\"https:\/\/i0.wp.com\/adfi-ci.org\/wp-content\/uploads\/2023\/10\/INFLATION-byPeterDaniel-1-400x200xc-2.webp?fit=400%2C200&amp;ssl=1\" class=\"attachment-full size-full wp-image-7245\" alt=\"\" srcset=\"https:\/\/i0.wp.com\/adfi-ci.org\/wp-content\/uploads\/2023\/10\/INFLATION-byPeterDaniel-1-400x200xc-2.webp?w=400&amp;ssl=1 400w, https:\/\/i0.wp.com\/adfi-ci.org\/wp-content\/uploads\/2023\/10\/INFLATION-byPeterDaniel-1-400x200xc-2.webp?resize=300%2C150&amp;ssl=1 300w, https:\/\/i0.wp.com\/adfi-ci.org\/wp-content\/uploads\/2023\/10\/INFLATION-byPeterDaniel-1-400x200xc-2.webp?resize=18%2C9&amp;ssl=1 18w\" sizes=\"(max-width: 400px) 100vw, 400px\" \/>\n            <\/div>\n        <\/div><div class=\"eael-entry-wrapper\"><header class=\"eael-entry-header\"><h2 class=\"eael-entry-title\"><a class=\"eael-grid-post-link\" href=\"https:\/\/adfi-ci.org\/fr\/inflation-in-africa-and-the-dfis\/\" title=\"L&#039;inflation en Afrique et dans les IFD\">L'inflation en Afrique et dans les IFD<\/a><\/h2><\/header><div class=\"eael-entry-header-after\"><div class=\"eael-entry-meta\"><span class=\"eael-posted-on\"><time datetime=\"f\u00e9vrier 7, 2023\">f\u00e9vrier 7, 2023<\/time><\/span><\/div><\/div><\/div><\/div>\n        <\/div>\n    <\/article><\/div>\n            <div class=\"clearfix\"><\/div>\n        <\/div>\t\t\t\t<\/div>\n\t\t\t\t<\/div>\n\t\t\t\t\t<\/div>\n\t\t\t\t<\/div>\n\t\t\t\t<\/div>","protected":false},"excerpt":{"rendered":"<p>Blog Leveraging Africa\u2019s Comparative Advantage for its Development in a Globalized World December 8, 2023 Bolstering the path out of the debt crisis in Africa through domestic resource mobilization July 24, 2023 Adopting Sustainable Business Model in DFIs&#8217; May 15, 2023 Energy crises in African most developed economy: what can DFIs do? March 30, 2023 [&hellip;]<\/p>\n","protected":false},"author":1,"featured_media":0,"parent":0,"menu_order":0,"comment_status":"closed","ping_status":"closed","template":"","meta":{"_acf_changed":false,"nf_dc_page":"","_eb_attr":"","_monsterinsights_skip_tracking":false,"_monsterinsights_sitenote_active":false,"_monsterinsights_sitenote_note":"","_monsterinsights_sitenote_category":0,"_uf_show_specific_survey":0,"_uf_disable_surveys":false,"site-sidebar-layout":"default","site-content-layout":"","ast-site-content-layout":"default","site-content-style":"default","site-sidebar-style":"default","ast-global-header-display":"","ast-banner-title-visibility":"","ast-main-header-display":"","ast-hfb-above-header-display":"","ast-hfb-below-header-display":"","ast-hfb-mobile-header-display":"","site-post-title":"disabled","ast-breadcrumbs-content":"","ast-featured-img":"","footer-sml-layout":"","ast-disable-related-posts":"","theme-transparent-header-meta":"","adv-header-id-meta":"","stick-header-meta":"","header-above-stick-meta":"","header-main-stick-meta":"","header-below-stick-meta":"","astra-migrate-meta-layouts":"set","ast-page-background-enabled":"default","ast-page-background-meta":{"desktop":{"background-color":"var(--ast-global-color-4)","background-image":"","background-repeat":"repeat","background-position":"center center","background-size":"auto","background-attachment":"scroll","background-type":"","background-media":"","overlay-type":"","overlay-color":"","overlay-opacity":"","overlay-gradient":""},"tablet":{"background-color":"","background-image":"","background-repeat":"repeat","background-position":"center center","background-size":"auto","background-attachment":"scroll","background-type":"","background-media":"","overlay-type":"","overlay-color":"","overlay-opacity":"","overlay-gradient":""},"mobile":{"background-color":"","background-image":"","background-repeat":"repeat","background-position":"center center","background-size":"auto","background-attachment":"scroll","background-type":"","background-media":"","overlay-type":"","overlay-color":"","overlay-opacity":"","overlay-gradient":""}},"ast-content-background-meta":{"desktop":{"background-color":"var(--ast-global-color-5)","background-image":"","background-repeat":"repeat","background-position":"center center","background-size":"auto","background-attachment":"scroll","background-type":"","background-media":"","overlay-type":"","overlay-color":"","overlay-opacity":"","overlay-gradient":""},"tablet":{"background-color":"var(--ast-global-color-5)","background-image":"","background-repeat":"repeat","background-position":"center center","background-size":"auto","background-attachment":"scroll","background-type":"","background-media":"","overlay-type":"","overlay-color":"","overlay-opacity":"","overlay-gradient":""},"mobile":{"background-color":"var(--ast-global-color-5)","background-image":"","background-repeat":"repeat","background-position":"center center","background-size":"auto","background-attachment":"scroll","background-type":"","background-media":"","overlay-type":"","overlay-color":"","overlay-opacity":"","overlay-gradient":""}},"two_page_speed":[],"footnotes":""},"class_list":["post-10861","page","type-page","status-publish","hentry"],"acf":[],"aioseo_notices":[],"jetpack_sharing_enabled":true,"rttpg_featured_image_url":null,"rttpg_author":{"display_name":"AdmAADFI","author_link":"https:\/\/adfi-ci.org\/fr\/author\/admaadfi\/"},"rttpg_comment":0,"rttpg_category":"","rttpg_excerpt":"Blog Leveraging Africa\u2019s Comparative Advantage for its Development in a Globalized World December 8, 2023 Bolstering the path out of the debt crisis in Africa through domestic resource mobilization July 24, 2023 Adopting Sustainable Business Model in DFIs&#8217; May 15, 2023 Energy crises in African most developed economy: what can DFIs do? March 30, 2023\u2026","_links":{"self":[{"href":"https:\/\/adfi-ci.org\/fr\/wp-json\/wp\/v2\/pages\/10861","targetHints":{"allow":["GET"]}}],"collection":[{"href":"https:\/\/adfi-ci.org\/fr\/wp-json\/wp\/v2\/pages"}],"about":[{"href":"https:\/\/adfi-ci.org\/fr\/wp-json\/wp\/v2\/types\/page"}],"author":[{"embeddable":true,"href":"https:\/\/adfi-ci.org\/fr\/wp-json\/wp\/v2\/users\/1"}],"replies":[{"embeddable":true,"href":"https:\/\/adfi-ci.org\/fr\/wp-json\/wp\/v2\/comments?post=10861"}],"version-history":[{"count":4,"href":"https:\/\/adfi-ci.org\/fr\/wp-json\/wp\/v2\/pages\/10861\/revisions"}],"predecessor-version":[{"id":10866,"href":"https:\/\/adfi-ci.org\/fr\/wp-json\/wp\/v2\/pages\/10861\/revisions\/10866"}],"wp:attachment":[{"href":"https:\/\/adfi-ci.org\/fr\/wp-json\/wp\/v2\/media?parent=10861"}],"curies":[{"name":"wp","href":"https:\/\/api.w.org\/{rel}","templated":true}]}}