{"id":2,"date":"2023-08-09T15:48:12","date_gmt":"2023-08-09T15:48:12","guid":{"rendered":"https:\/\/new.adfi-ci.org\/?page_id=2"},"modified":"2024-06-28T15:50:33","modified_gmt":"2024-06-28T15:50:33","slug":"about-us","status":"publish","type":"page","link":"https:\/\/adfi-ci.org\/fr\/about-us\/","title":{"rendered":"A propos"},"content":{"rendered":"<div data-elementor-type=\"wp-page\" data-elementor-id=\"2\" class=\"elementor elementor-2\" data-elementor-post-type=\"page\">\n\t\t\t\t\t\t<section class=\"elementor-section elementor-top-section elementor-element elementor-element-12f7ifw elementor-section-content-top elementor-section-full_width elementor-section-height-default elementor-section-height-default\" data-id=\"12f7ifw\" data-element_type=\"section\" data-e-type=\"section\" data-settings=\"{&quot;background_background&quot;:&quot;classic&quot;}\">\n\t\t\t\t\t\t\t<div class=\"elementor-background-overlay\"><\/div>\n\t\t\t\t\t\t\t<div class=\"elementor-container elementor-column-gap-no\">\n\t\t\t\t\t<div class=\"elementor-column elementor-col-100 elementor-top-column elementor-element elementor-element-5312e3d\" data-id=\"5312e3d\" data-element_type=\"column\" data-e-type=\"column\">\n\t\t\t<div class=\"elementor-widget-wrap elementor-element-populated\">\n\t\t\t\t<div class=\"elementor-element elementor-element-4b2b9f6 e-flex e-con-boxed e-con e-parent\" data-id=\"4b2b9f6\" data-element_type=\"container\" data-e-type=\"container\">\n\t\t\t\t\t<div class=\"e-con-inner\">\n\t\t\t\t<div class=\"elementor-element elementor-element-3ff9a5c elementor-widget elementor-widget-heading\" data-id=\"3ff9a5c\" data-element_type=\"widget\" data-e-type=\"widget\" data-widget_type=\"heading.default\">\n\t\t\t\t\t<h6 class=\"elementor-heading-title elementor-size-medium\">Qui sommes nous<\/h6>\t\t\t\t<\/div>\n\t\t\t\t\t<\/div>\n\t\t\t\t<\/div>\n\t\t\t\t\t<\/div>\n\t\t<\/div>\n\t\t\t\t\t<\/div>\n\t\t<\/section>\n\t\t<div class=\"elementor-element elementor-element-6b95463 e-flex e-con-boxed e-con e-parent\" data-id=\"6b95463\" data-element_type=\"container\" data-e-type=\"container\">\n\t\t\t\t\t<div class=\"e-con-inner\">\n\t\t<div class=\"elementor-element elementor-element-7b1842e e-con-full e-flex e-con e-child\" data-id=\"7b1842e\" data-element_type=\"container\" data-e-type=\"container\">\n\t\t\t\t<div class=\"elementor-element elementor-element-87fd5b0 elementor-widget elementor-widget-text-editor\" data-id=\"87fd5b0\" data-element_type=\"widget\" data-e-type=\"widget\" data-widget_type=\"text-editor.default\">\n\t\t\t\t\t\t\t\t\t\n<p class=\"translation-block\">L'Association des institutions africaines de financement du d\u00e9veloppement (AADFI) est une organisation fa\u00eeti\u00e8re pour les institutions de financement du d\u00e9veloppement en Afrique, cr\u00e9\u00e9e sous les auspices de la Banque africaine de d\u00e9veloppement en 1975.<\/p>\n<p style=\"font-weight: 300;\"><span style=\"font-style: inherit;\">Les objectifs de l'Association sont de stimuler la coop\u00e9ration pour la promotion et le financement du d\u00e9veloppement durable en Afrique et d'encourager le processus d'int\u00e9gration \u00e9conomique dans la r\u00e9gion africaine.<\/span><\/p>\n\n<blockquote class=\"wp-block-quote is-layout-flow wp-block-quote-is-layout-flow\">\n<p style=\"font-weight: 300;\"><strong><span style=\"font-style: inherit;\">L'AADFI compte plus de 80 institutions membres compos\u00e9es d'institutions de financement du d\u00e9veloppement nationales, r\u00e9gionales et multilat\u00e9rales en Afrique et d'autres continents engag\u00e9es dans des activit\u00e9s de financement du d\u00e9veloppement en Afrique.<\/span><\/strong><\/p>\n<\/blockquote>\n\n<p style=\"font-weight: 300;\" class=\"translation-block\">L'AIAFD est membre fondateur de la F\u00e9d\u00e9ration mondiale des institutions de financement du d\u00e9veloppement, qui regroupe les associations continentales d'IFD : Association des institutions africaines de financement du d\u00e9veloppement, Association des institutions de financement du d\u00e9veloppement en Asie et dans le Pacifique, Association des institutions nationales de financement du d\u00e9veloppement des pays membres de la Banque islamique de d\u00e9veloppement, l\u2019Association latino-am\u00e9ricaine des institutions de financement du d\u00e9veloppement et l\u2019Association europ\u00e9enne des investisseurs \u00e0 long terme, au sein d\u2019une seule plateforme mondiale.<\/p>\n<p style=\"font-weight: 300;\" class=\"translation-block\">L'Association est \u00e9galement membre du Global Sustainable Finance Network. L'AIAFD a un statut d'observateur aupr\u00e8s de la Banque mondiale.<\/p>\n\n<blockquote class=\"wp-block-quote is-layout-flow wp-block-quote-is-layout-flow\">\n<p style=\"font-weight: 300;\"><strong><span style=\"font-style: inherit;\">Le si\u00e8ge de l\u2019AADFI est situ\u00e9 \u00e0 Abidjan, R\u00e9publique de C\u00f4te d\u2019Ivoire.<\/span><\/strong><\/p>\n<\/blockquote>\n\t\t\t\t\t\t\t\t<\/div>\n\t\t\t\t<div class=\"elementor-element elementor-element-736e2fe elementor-widget elementor-widget-heading\" data-id=\"736e2fe\" data-element_type=\"widget\" data-e-type=\"widget\" id=\"vision\" data-widget_type=\"heading.default\">\n\t\t\t\t\t<h6 class=\"elementor-heading-title elementor-size-medium\">VISION<\/h6>\t\t\t\t<\/div>\n\t\t\t\t<div class=\"elementor-element elementor-element-87643bb elementor-widget elementor-widget-text-editor\" data-id=\"87643bb\" data-element_type=\"widget\" data-e-type=\"widget\" data-widget_type=\"text-editor.default\">\n\t\t\t\t\t\t\t\t\tPromouvoir une croissance durable des \u00e9conomies des membres \u00e0 travers des IFD nationales financi\u00e8rement solides, r\u00e9silientes et durables.\t\t\t\t\t\t\t\t<\/div>\n\t\t\t\t<div class=\"elementor-element elementor-element-ae012ef elementor-widget-divider--view-line elementor-widget elementor-widget-divider\" data-id=\"ae012ef\" data-element_type=\"widget\" data-e-type=\"widget\" data-widget_type=\"divider.default\">\n\t\t\t\t\t\t\t<div class=\"elementor-divider\">\n\t\t\t<span class=\"elementor-divider-separator\">\n\t\t\t\t\t\t<\/span>\n\t\t<\/div>\n\t\t\t\t\t\t<\/div>\n\t\t\t\t<div class=\"elementor-element elementor-element-d67778e elementor-widget elementor-widget-heading\" data-id=\"d67778e\" data-element_type=\"widget\" data-e-type=\"widget\" id=\"mission\" data-widget_type=\"heading.default\">\n\t\t\t\t\t<h6 class=\"elementor-heading-title elementor-size-medium\">MISSION<\/h6>\t\t\t\t<\/div>\n\t\t\t\t<div class=\"elementor-element elementor-element-c9d6029 elementor-widget elementor-widget-text-editor\" data-id=\"c9d6029\" data-element_type=\"widget\" data-e-type=\"widget\" data-widget_type=\"text-editor.default\">\n\t\t\t\t\t\t\t\t\tFournir des services de pointe aux IFD africaines pour financer efficacement le d\u00e9veloppement national et les ODD pour une prosp\u00e9rit\u00e9 partag\u00e9e sur le continent.\t\t\t\t\t\t\t\t<\/div>\n\t\t\t\t<div class=\"elementor-element elementor-element-bf7328e elementor-widget elementor-widget-heading\" data-id=\"bf7328e\" data-element_type=\"widget\" data-e-type=\"widget\" data-widget_type=\"heading.default\">\n\t\t\t\t\t<h6 class=\"elementor-heading-title elementor-size-medium\">Histoire<\/h6>\t\t\t\t<\/div>\n\t\t\t\t<div class=\"elementor-element elementor-element-4fa1386 elementor-widget elementor-widget-text-editor\" data-id=\"4fa1386\" data-element_type=\"widget\" data-e-type=\"widget\" data-widget_type=\"text-editor.default\">\n\t\t\t\t\t\t\t\t\t<p><\/p>\n<div id=\"history\" class=\"kc-elm kc-css-165631 kc_col-sm-7 kc_column kc_col-sm-7\">\n<div class=\"kc-col-container\">\n<div class=\"kc-elm kc-css-345721 kc_text_block kc-pc-loaded\">\n<p>La toute premi\u00e8re r\u00e9union des directeurs des banques nationales africaines de d\u00e9veloppement s'est tenue en ao\u00fbt 1969 \u00e0 Freetown, en R\u00e9publique de Sierra Leone. L'objectif de la r\u00e9union, convoqu\u00e9e par la Banque africaine de d\u00e9veloppement (BAD), \u00e9tait de conna\u00eetre leurs points de vue sur les voies et moyens de renforcer la coop\u00e9ration entre leurs institutions et la Banque.<\/p>\n<\/div>\n<div class=\"kc-elm kc-css-172720\">\u00a0<\/div>\n<div class=\"kc-elm kc-css-701326 kc_text_block kc-pc-loaded\">\n<p>D'autres r\u00e9unions ont eu lieu \u00e0 Abidjan en mai 1970 et ont r\u00e9uni des repr\u00e9sentants des banques de d\u00e9veloppement de 23 pays africains et des d\u00e9l\u00e9gu\u00e9s d'institutions r\u00e9gionales, telles que la Banque de d\u00e9veloppement de l'Afrique de l'Est et l'Union africaine et malgache des banques de d\u00e9veloppement. Des repr\u00e9sentants de diverses banques internationales et autres institutions financi\u00e8res ont \u00e9galement assist\u00e9 \u00e0 la r\u00e9union, qui a discut\u00e9 d'un large \u00e9ventail de questions concernant l'organisation, la gestion et la mobilisation des ressources des banques nationales de d\u00e9veloppement.<\/p>\n<\/div>\n<div class=\"kc-elm kc-css-276961\">\u00a0<\/div>\n<div class=\"kc-elm kc-css-645415 kc_text_block kc-pc-loaded\">\n<p>Le r\u00e9sultat d'une r\u00e9union tenue \u00e0 Abidjan du 4 au 7 mars 1975 fut la cr\u00e9ation de l'Association des institutions africaines de financement du d\u00e9veloppement (AIAFD) sous les auspices de la Banque africaine de d\u00e9veloppement. La cr\u00e9ation de l\u2019Association r\u00e9pondait au besoin de coordination et de solidarit\u00e9 \u00e9conomique \u00e0 l\u2019\u00e9chelle du continent. L\u2019assembl\u00e9e inaugurale tenue \u00e0 Abidjan a mis en place un comit\u00e9 de liaison charg\u00e9 d\u2019\u00e9laborer et de finaliser les instruments juridiques de l\u2019Association. Celles-ci ont \u00e9t\u00e9 adopt\u00e9es par la premi\u00e8re Assembl\u00e9e g\u00e9n\u00e9rale de l\u2019Association, convoqu\u00e9e \u00e0 cet effet \u00e0 Dakar, au S\u00e9n\u00e9gal, les 2 et 3 mai.<\/p>\n<\/div>\n<\/div>\n<\/div>\n<div id=\"values\" class=\"kc-elm kc-css-61907 kc_col-sm-5 kc_column kc_col-sm-5\">\n<div class=\"kc-col-container\">\u00a0<\/div>\n<\/div>\n<p><\/p>\t\t\t\t\t\t\t\t<\/div>\n\t\t\t\t<\/div>\n\t\t<div class=\"elementor-element elementor-element-f815e3d e-con-full e-flex e-con e-child\" data-id=\"f815e3d\" data-element_type=\"container\" data-e-type=\"container\">\n\t\t<div class=\"elementor-element elementor-element-4b85dff e-flex e-con-boxed e-con e-child\" data-id=\"4b85dff\" data-element_type=\"container\" data-e-type=\"container\" data-settings=\"{&quot;background_background&quot;:&quot;classic&quot;}\">\n\t\t\t\t\t<div class=\"e-con-inner\">\n\t\t\t\t<div class=\"elementor-element elementor-element-17674c9 elementor-widget-divider--view-line_text elementor-widget-divider--element-align-center elementor-widget elementor-widget-divider\" data-id=\"17674c9\" data-element_type=\"widget\" data-e-type=\"widget\" data-widget_type=\"divider.default\">\n\t\t\t\t\t\t\t<div class=\"elementor-divider\">\n\t\t\t<span class=\"elementor-divider-separator\">\n\t\t\t\t\t\t\t<span class=\"elementor-divider__text elementor-divider__element\">\n\t\t\t\tNos Membres par pays\t\t\t\t<\/span>\n\t\t\t\t\t\t<\/span>\n\t\t<\/div>\n\t\t\t\t\t\t<\/div>\n\t\t\t\t<div class=\"elementor-element elementor-element-763ce70 elementor-widget__width-initial elementor-widget elementor-widget-text-editor\" data-id=\"763ce70\" data-element_type=\"widget\" data-e-type=\"widget\" data-widget_type=\"text-editor.default\">\n\t\t\t\t\t\t\t\t\t<div class=\"map_wrapper\" id=\"map_wrapper_640\">\n<div class=\"map_box\" style=\"max-width:2200px\">\n<div class=\"map_aspect_ratio\" style=\"padding-top:100%\" data-padding-top=\"100%\" data-padding-top-mobile=\"0%\">\n<div class=\"map_container\">\n<div class=\"map_render map_loading\" id=\"map_640\"><\/div>\n<\/div>\n<\/div>\n<\/div>\n<\/div>\t\t\t\t\t\t\t\t<\/div>\n\t\t\t\t\t<\/div>\n\t\t\t\t<\/div>\n\t\t\t\t<\/div>\n\t\t\t\t\t<\/div>\n\t\t\t\t<\/div>\n\t\t\t\t<\/div>","protected":false},"excerpt":{"rendered":"<p>Who we are The Association of African Development Finance Institutions (AADFI) is an umbrella organization for development finance institutions in Africa, created under the auspices of the African Development Bank in 1975. The objectives of the Association are to stimulate cooperation for the promotion and financing of sustainable development in Africa and to encourage the [&hellip;]<\/p>\n","protected":false},"author":1,"featured_media":0,"parent":0,"menu_order":0,"comment_status":"closed","ping_status":"closed","template":"elementor_header_footer","meta":{"_acf_changed":false,"nf_dc_page":"","_eb_attr":"","_monsterinsights_skip_tracking":false,"_monsterinsights_sitenote_active":false,"_monsterinsights_sitenote_note":"","_monsterinsights_sitenote_category":0,"_uf_show_specific_survey":0,"_uf_disable_surveys":false,"site-sidebar-layout":"default","site-content-layout":"","ast-site-content-layout":"default","site-content-style":"default","site-sidebar-style":"default","ast-global-header-display":"","ast-banner-title-visibility":"","ast-main-header-display":"","ast-hfb-above-header-display":"","ast-hfb-below-header-display":"","ast-hfb-mobile-header-display":"","site-post-title":"","ast-breadcrumbs-content":"","ast-featured-img":"","footer-sml-layout":"","ast-disable-related-posts":"","theme-transparent-header-meta":"","adv-header-id-meta":"","stick-header-meta":"","header-above-stick-meta":"","header-main-stick-meta":"","header-below-stick-meta":"","astra-migrate-meta-layouts":"default","ast-page-background-enabled":"default","ast-page-background-meta":{"desktop":{"background-color":"var(--ast-global-color-4)","background-image":"","background-repeat":"repeat","background-position":"center center","background-size":"auto","background-attachment":"scroll","background-type":"","background-media":"","overlay-type":"","overlay-color":"","overlay-opacity":"","overlay-gradient":""},"tablet":{"background-color":"","background-image":"","background-repeat":"repeat","background-position":"center center","background-size":"auto","background-attachment":"scroll","background-type":"","background-media":"","overlay-type":"","overlay-color":"","overlay-opacity":"","overlay-gradient":""},"mobile":{"background-color":"","background-image":"","background-repeat":"repeat","background-position":"center center","background-size":"auto","background-attachment":"scroll","background-type":"","background-media":"","overlay-type":"","overlay-color":"","overlay-opacity":"","overlay-gradient":""}},"ast-content-background-meta":{"desktop":{"background-color":"var(--ast-global-color-5)","background-image":"","background-repeat":"repeat","background-position":"center center","background-size":"auto","background-attachment":"scroll","background-type":"","background-media":"","overlay-type":"","overlay-color":"","overlay-opacity":"","overlay-gradient":""},"tablet":{"background-color":"var(--ast-global-color-5)","background-image":"","background-repeat":"repeat","background-position":"center center","background-size":"auto","background-attachment":"scroll","background-type":"","background-media":"","overlay-type":"","overlay-color":"","overlay-opacity":"","overlay-gradient":""},"mobile":{"background-color":"var(--ast-global-color-5)","background-image":"","background-repeat":"repeat","background-position":"center center","background-size":"auto","background-attachment":"scroll","background-type":"","background-media":"","overlay-type":"","overlay-color":"","overlay-opacity":"","overlay-gradient":""}},"two_page_speed":[],"footnotes":""},"class_list":["post-2","page","type-page","status-publish","hentry"],"acf":[],"aioseo_notices":[],"jetpack_sharing_enabled":true,"rttpg_featured_image_url":null,"rttpg_author":{"display_name":"AdmAADFI","author_link":"https:\/\/adfi-ci.org\/fr\/author\/admaadfi\/"},"rttpg_comment":0,"rttpg_category":null,"rttpg_excerpt":"Who we are The Association of African Development Finance Institutions (AADFI) is an umbrella organization for development finance institutions in Africa, created under the auspices of the African Development Bank in 1975. The objectives of the Association are to stimulate cooperation for the promotion and financing of sustainable development in Africa and to encourage the\u2026","_links":{"self":[{"href":"https:\/\/adfi-ci.org\/fr\/wp-json\/wp\/v2\/pages\/2","targetHints":{"allow":["GET"]}}],"collection":[{"href":"https:\/\/adfi-ci.org\/fr\/wp-json\/wp\/v2\/pages"}],"about":[{"href":"https:\/\/adfi-ci.org\/fr\/wp-json\/wp\/v2\/types\/page"}],"author":[{"embeddable":true,"href":"https:\/\/adfi-ci.org\/fr\/wp-json\/wp\/v2\/users\/1"}],"replies":[{"embeddable":true,"href":"https:\/\/adfi-ci.org\/fr\/wp-json\/wp\/v2\/comments?post=2"}],"version-history":[{"count":43,"href":"https:\/\/adfi-ci.org\/fr\/wp-json\/wp\/v2\/pages\/2\/revisions"}],"predecessor-version":[{"id":11123,"href":"https:\/\/adfi-ci.org\/fr\/wp-json\/wp\/v2\/pages\/2\/revisions\/11123"}],"wp:attachment":[{"href":"https:\/\/adfi-ci.org\/fr\/wp-json\/wp\/v2\/media?parent=2"}],"curies":[{"name":"wp","href":"https:\/\/api.w.org\/{rel}","templated":true}]}}