{"id":6158,"date":"2023-08-19T17:57:09","date_gmt":"2023-08-19T17:57:09","guid":{"rendered":"https:\/\/new.adfi-ci.org\/events\/"},"modified":"2025-11-04T08:53:07","modified_gmt":"2025-11-04T08:53:07","slug":"events","status":"publish","type":"page","link":"https:\/\/adfi-ci.org\/fr\/events\/","title":{"rendered":"Evenements"},"content":{"rendered":"<div data-elementor-type=\"wp-page\" data-elementor-id=\"6158\" class=\"elementor elementor-6158\" data-elementor-post-type=\"page\">\n\t\t\t\t\t\t<section class=\"elementor-section elementor-top-section elementor-element elementor-element-5694e91c elementor-section-content-top elementor-section-full_width elementor-section-height-default elementor-section-height-default\" data-id=\"5694e91c\" data-element_type=\"section\" data-e-type=\"section\" data-settings=\"{&quot;background_background&quot;:&quot;classic&quot;}\">\n\t\t\t\t\t\t\t<div class=\"elementor-background-overlay\"><\/div>\n\t\t\t\t\t\t\t<div class=\"elementor-container elementor-column-gap-no\">\n\t\t\t\t\t<div class=\"elementor-column elementor-col-100 elementor-top-column elementor-element elementor-element-77eeacbe\" data-id=\"77eeacbe\" data-element_type=\"column\" data-e-type=\"column\">\n\t\t\t<div class=\"elementor-widget-wrap elementor-element-populated\">\n\t\t\t\t<div class=\"elementor-element elementor-element-3ca88e12 e-flex e-con-boxed e-con e-parent\" data-id=\"3ca88e12\" data-element_type=\"container\" data-e-type=\"container\" data-settings=\"{&quot;background_background&quot;:&quot;classic&quot;}\">\n\t\t\t\t\t<div class=\"e-con-inner\">\n\t\t\t\t<div class=\"elementor-element elementor-element-437f1059 elementor-widget elementor-widget-heading\" data-id=\"437f1059\" data-element_type=\"widget\" data-e-type=\"widget\" data-widget_type=\"heading.default\">\n\t\t\t\t\t<h6 class=\"elementor-heading-title elementor-size-medium\">EVENEMENTS<\/h6>\t\t\t\t<\/div>\n\t\t\t\t\t<\/div>\n\t\t\t\t<\/div>\n\t\t\t\t<div class=\"elementor-element elementor-element-59f9d70 elementor-widget-divider--view-line elementor-widget elementor-widget-divider\" data-id=\"59f9d70\" data-element_type=\"widget\" data-e-type=\"widget\" data-widget_type=\"divider.default\">\n\t\t\t\t\t\t\t<div class=\"elementor-divider\">\n\t\t\t<span class=\"elementor-divider-separator\">\n\t\t\t\t\t\t<\/span>\n\t\t<\/div>\n\t\t\t\t\t\t<\/div>\n\t\t\t\t<div class=\"elementor-element elementor-element-d0c5921 elementor-widget elementor-widget-text-editor\" data-id=\"d0c5921\" data-element_type=\"widget\" data-e-type=\"widget\" data-widget_type=\"text-editor.default\">\n\t\t\t\t\t\t\t\t\t..\n\n<style type=text\/css>\n.em.em-list.em-grid>div.em-item .em-item-image { position: relative;   width: 100%; aspect-ratio: 16\/9!important; padding: 0!important; }<\/style>\t\t\t\t\t\t\t\t<\/div>\n\t\t\t\t\t<\/div>\n\t\t<\/div>\n\t\t\t\t\t<\/div>\n\t\t<\/section>\n\t\t<div class=\"elementor-element elementor-element-7e10df36 e-flex e-con-boxed e-con e-parent\" data-id=\"7e10df36\" data-element_type=\"container\" data-e-type=\"container\">\n\t\t\t\t\t<div class=\"e-con-inner\">\n\t\t<div class=\"elementor-element elementor-element-2e6316cd e-con-full e-flex e-con e-child\" data-id=\"2e6316cd\" data-element_type=\"container\" data-e-type=\"container\">\n\t\t\t\t<div class=\"elementor-element elementor-element-1f87f7ae elementor-widget elementor-widget-text-editor\" data-id=\"1f87f7ae\" data-element_type=\"widget\" data-e-type=\"widget\" data-widget_type=\"text-editor.default\">\n\t\t\t\t\t\t\t\t\tL'Association consid\u00e8re le renforcement des capacit\u00e9s comme une priorit\u00e9 absolue pour la performance efficace des institutions membres. Ainsi, \u00e0 travers ses programmes r\u00e9guliers de renforcement des capacit\u00e9s, il joue un r\u00f4le majeur dans le d\u00e9veloppement des comp\u00e9tences des IFD membres et des autres institutions parties prenantes. Les activit\u00e9s de renforcement des capacit\u00e9s comprennent des ateliers, des s\u00e9minaires et des conf\u00e9rences ax\u00e9s sur les comp\u00e9tences, ainsi que des visites d'analyse comparative et des voyages d'\u00e9tude. Certaines de ces activit\u00e9s sont organis\u00e9es en collaboration avec des partenaires en Afrique et dans le monde entier.\n\n\t\t\t\t\t\t\t\t<\/div>\n\t\t\t\t<div class=\"elementor-element elementor-element-0e32db2 elementor-hidden-desktop elementor-hidden-tablet elementor-hidden-mobile elementor-widget elementor-widget-image\" data-id=\"0e32db2\" data-element_type=\"widget\" data-e-type=\"widget\" data-widget_type=\"image.default\">\n\t\t\t\t\t\t\t\t\t\t\t\t\t\t\t\t<a href=\"https:\/\/adfi-ci.org\/fr\/reg-ceo25\/\">\n\t\t\t\t\t\t\t<img fetchpriority=\"high\" decoding=\"async\" width=\"1098\" height=\"179\" src=\"https:\/\/i0.wp.com\/adfi-ci.org\/wp-content\/uploads\/2025\/09\/ceo-hp-3.png?fit=1098%2C179&amp;ssl=1\" class=\"attachment-full size-full wp-image-13632\" alt=\"\" srcset=\"https:\/\/i0.wp.com\/adfi-ci.org\/wp-content\/uploads\/2025\/09\/ceo-hp-3.png?w=1098&amp;ssl=1 1098w, https:\/\/i0.wp.com\/adfi-ci.org\/wp-content\/uploads\/2025\/09\/ceo-hp-3.png?resize=300%2C49&amp;ssl=1 300w, https:\/\/i0.wp.com\/adfi-ci.org\/wp-content\/uploads\/2025\/09\/ceo-hp-3.png?resize=1024%2C167&amp;ssl=1 1024w, https:\/\/i0.wp.com\/adfi-ci.org\/wp-content\/uploads\/2025\/09\/ceo-hp-3.png?resize=768%2C125&amp;ssl=1 768w, https:\/\/i0.wp.com\/adfi-ci.org\/wp-content\/uploads\/2025\/09\/ceo-hp-3.png?resize=18%2C3&amp;ssl=1 18w, https:\/\/i0.wp.com\/adfi-ci.org\/wp-content\/uploads\/2025\/09\/ceo-hp-3.png?resize=600%2C98&amp;ssl=1 600w\" sizes=\"(max-width: 1000px) 100vw, 1000px\" \/>\t\t\t\t\t\t\t\t<\/a>\n\t\t\t\t\t\t\t\t\t\t\t\t\t\t\t<\/div>\n\t\t\t\t<\/div>\n\t\t\t\t\t<\/div>\n\t\t\t\t<\/div>\n\t\t<div class=\"elementor-element elementor-element-cc44342 e-flex e-con-boxed e-con e-parent\" data-id=\"cc44342\" data-element_type=\"container\" data-e-type=\"container\">\n\t\t\t\t\t<div class=\"e-con-inner\">\n\t\t\t\t<div class=\"elementor-element elementor-element-ceb5620 elementor-widget elementor-widget-heading\" data-id=\"ceb5620\" data-element_type=\"widget\" data-e-type=\"widget\" data-widget_type=\"heading.default\">\n\t\t\t\t\t<h6 class=\"elementor-heading-title elementor-size-medium\">FORMATIONS A VENIR<\/h6>\t\t\t\t<\/div>\n\t\t\t\t<div class=\"elementor-element elementor-element-9174db2 elementor-widget elementor-widget-text-editor\" data-id=\"9174db2\" data-element_type=\"widget\" data-e-type=\"widget\" data-widget_type=\"text-editor.default\">\n\t\t\t\t\t\t\t\t\t<p>CONTENTS<\/p>\t\t\t\t\t\t\t\t<\/div>\n\t\t\t\t\t<\/div>\n\t\t\t\t<\/div>\n\t\t\t\t<\/div>","protected":false},"excerpt":{"rendered":"<p>CONTENTS<\/p>","protected":false},"author":1,"featured_media":0,"parent":0,"menu_order":0,"comment_status":"closed","ping_status":"open","template":"elementor_header_footer","meta":{"_acf_changed":false,"nf_dc_page":"","_eb_attr":"","_monsterinsights_skip_tracking":false,"_monsterinsights_sitenote_active":false,"_monsterinsights_sitenote_note":"","_monsterinsights_sitenote_category":0,"_uf_show_specific_survey":0,"_uf_disable_surveys":false,"site-sidebar-layout":"default","site-content-layout":"","ast-site-content-layout":"default","site-content-style":"default","site-sidebar-style":"default","ast-global-header-display":"","ast-banner-title-visibility":"","ast-main-header-display":"","ast-hfb-above-header-display":"","ast-hfb-below-header-display":"","ast-hfb-mobile-header-display":"","site-post-title":"disabled","ast-breadcrumbs-content":"","ast-featured-img":"","footer-sml-layout":"","ast-disable-related-posts":"","theme-transparent-header-meta":"","adv-header-id-meta":"","stick-header-meta":"","header-above-stick-meta":"","header-main-stick-meta":"","header-below-stick-meta":"","astra-migrate-meta-layouts":"default","ast-page-background-enabled":"default","ast-page-background-meta":{"desktop":{"background-color":"var(--ast-global-color-4)","background-image":"","background-repeat":"repeat","background-position":"center center","background-size":"auto","background-attachment":"scroll","background-type":"","background-media":"","overlay-type":"","overlay-color":"","overlay-opacity":"","overlay-gradient":""},"tablet":{"background-color":"","background-image":"","background-repeat":"repeat","background-position":"center center","background-size":"auto","background-attachment":"scroll","background-type":"","background-media":"","overlay-type":"","overlay-color":"","overlay-opacity":"","overlay-gradient":""},"mobile":{"background-color":"","background-image":"","background-repeat":"repeat","background-position":"center center","background-size":"auto","background-attachment":"scroll","background-type":"","background-media":"","overlay-type":"","overlay-color":"","overlay-opacity":"","overlay-gradient":""}},"ast-content-background-meta":{"desktop":{"background-color":"var(--ast-global-color-5)","background-image":"","background-repeat":"repeat","background-position":"center center","background-size":"auto","background-attachment":"scroll","background-type":"","background-media":"","overlay-type":"","overlay-color":"","overlay-opacity":"","overlay-gradient":""},"tablet":{"background-color":"var(--ast-global-color-5)","background-image":"","background-repeat":"repeat","background-position":"center center","background-size":"auto","background-attachment":"scroll","background-type":"","background-media":"","overlay-type":"","overlay-color":"","overlay-opacity":"","overlay-gradient":""},"mobile":{"background-color":"var(--ast-global-color-5)","background-image":"","background-repeat":"repeat","background-position":"center center","background-size":"auto","background-attachment":"scroll","background-type":"","background-media":"","overlay-type":"","overlay-color":"","overlay-opacity":"","overlay-gradient":""}},"two_page_speed":[],"footnotes":""},"class_list":["post-6158","page","type-page","status-publish","hentry"],"acf":[],"aioseo_notices":[],"jetpack_sharing_enabled":true,"rttpg_featured_image_url":null,"rttpg_author":{"display_name":"AdmAADFI","author_link":"https:\/\/adfi-ci.org\/fr\/author\/admaadfi\/"},"rttpg_comment":0,"rttpg_category":null,"rttpg_excerpt":"CONTENTS","_links":{"self":[{"href":"https:\/\/adfi-ci.org\/fr\/wp-json\/wp\/v2\/pages\/6158","targetHints":{"allow":["GET"]}}],"collection":[{"href":"https:\/\/adfi-ci.org\/fr\/wp-json\/wp\/v2\/pages"}],"about":[{"href":"https:\/\/adfi-ci.org\/fr\/wp-json\/wp\/v2\/types\/page"}],"author":[{"embeddable":true,"href":"https:\/\/adfi-ci.org\/fr\/wp-json\/wp\/v2\/users\/1"}],"replies":[{"embeddable":true,"href":"https:\/\/adfi-ci.org\/fr\/wp-json\/wp\/v2\/comments?post=6158"}],"version-history":[{"count":82,"href":"https:\/\/adfi-ci.org\/fr\/wp-json\/wp\/v2\/pages\/6158\/revisions"}],"predecessor-version":[{"id":14390,"href":"https:\/\/adfi-ci.org\/fr\/wp-json\/wp\/v2\/pages\/6158\/revisions\/14390"}],"wp:attachment":[{"href":"https:\/\/adfi-ci.org\/fr\/wp-json\/wp\/v2\/media?parent=6158"}],"curies":[{"name":"wp","href":"https:\/\/api.w.org\/{rel}","templated":true}]}}