{"id":6583,"date":"2023-08-30T10:44:27","date_gmt":"2023-08-30T10:44:27","guid":{"rendered":"https:\/\/new.adfi-ci.org\/?page_id=6583"},"modified":"2023-08-30T10:47:33","modified_gmt":"2023-08-30T10:47:33","slug":"knowledge-and-information-management","status":"publish","type":"page","link":"https:\/\/adfi-ci.org\/fr\/knowledge-and-information-management\/","title":{"rendered":"GESTION DES CONNAISSANCES ET DE L'INFORMATION"},"content":{"rendered":"<div data-elementor-type=\"wp-page\" data-elementor-id=\"6583\" class=\"elementor elementor-6583\" data-elementor-post-type=\"page\">\n\t\t\t\t\t\t<section class=\"elementor-section elementor-top-section elementor-element elementor-element-43993356 elementor-section-content-top elementor-section-full_width elementor-section-height-default elementor-section-height-default\" data-id=\"43993356\" data-element_type=\"section\" data-e-type=\"section\" data-settings=\"{&quot;background_background&quot;:&quot;classic&quot;}\">\n\t\t\t\t\t\t\t<div class=\"elementor-background-overlay\"><\/div>\n\t\t\t\t\t\t\t<div class=\"elementor-container elementor-column-gap-no\">\n\t\t\t\t\t<div class=\"elementor-column elementor-col-100 elementor-top-column elementor-element elementor-element-666def70\" data-id=\"666def70\" data-element_type=\"column\" data-e-type=\"column\">\n\t\t\t<div class=\"elementor-widget-wrap elementor-element-populated\">\n\t\t\t\t<div class=\"elementor-element elementor-element-7c928ea0 e-flex e-con-boxed e-con e-parent\" data-id=\"7c928ea0\" data-element_type=\"container\" data-e-type=\"container\">\n\t\t\t\t\t<div class=\"e-con-inner\">\n\t\t\t\t<div class=\"elementor-element elementor-element-1c156285 elementor-widget elementor-widget-heading\" data-id=\"1c156285\" data-element_type=\"widget\" data-e-type=\"widget\" data-widget_type=\"heading.default\">\n\t\t\t\t\t<h6 class=\"elementor-heading-title elementor-size-medium\">GESTION DES CONNAISSANCES ET DE L'INFORMATION<\/h6>\t\t\t\t<\/div>\n\t\t\t\t\t<\/div>\n\t\t\t\t<\/div>\n\t\t\t\t\t<\/div>\n\t\t<\/div>\n\t\t\t\t\t<\/div>\n\t\t<\/section>\n\t\t<div class=\"elementor-element elementor-element-7c4ee43d e-flex e-con-boxed e-con e-parent\" data-id=\"7c4ee43d\" data-element_type=\"container\" data-e-type=\"container\">\n\t\t\t\t\t<div class=\"e-con-inner\">\n\t\t<div class=\"elementor-element elementor-element-31f4b00e e-con-full e-flex e-con e-parent\" data-id=\"31f4b00e\" data-element_type=\"container\" data-e-type=\"container\">\n\t\t\t\t<div class=\"elementor-element elementor-element-7fe9d8b7 elementor-widget elementor-widget-text-editor\" data-id=\"7fe9d8b7\" data-element_type=\"widget\" data-e-type=\"widget\" data-widget_type=\"text-editor.default\">\n\t\t\t\t\t\t\t\t\t<p><\/p>\n<div class=\"kc-elm kc-css-663102 kc_text_block\">\n<div class=\"kc-elm kc-css-156688 kc_text_block\">\n<p>L'information est essentielle \u00e0 la promotion des activit\u00e9s des institutions membres. Par cons\u00e9quent, l'AIAFD rassemble et partage des informations pertinentes sur la banque et le financement du d\u00e9veloppement, des documents politiques et des informations provenant de ses institutions membres et du r\u00e9seau.<\/p>\n<\/div>\n<div class=\"kc-elm kc-css-632027 kc_text_block\">\n<p>AADFI fournit \u00e9galement des produits de connaissances sur ses activit\u00e9s, provenant des institutions membres et de son r\u00e9seau,<\/p>\n<\/div>\n<div class=\"kc-elm kc-css-265480 kc_text_block\">\n<p class=\"translation-block\">L'<a href=\"https:\/\/adfi-ci.org\/fr\/\" target=\"_self\"> AIAFD<\/a> publie ce qui suit\u00a0:<\/p>\n<\/div>\n<div class=\"kc-elm kc-css-367917 kc_row kc_row_inner\">\n<div class=\"kc-elm kc-css-949290 kc_col-sm-11 kc_column_inner kc_col-sm-11\">\n<div class=\"kc_wrapper kc-col-inner-container\">\n<div class=\"kc-elm kc-css-168597 kc_text_block\">\n<p><strong>\u2013 Un bulletin d'information trimestriel contenant l'actualit\u00e9 de l'Association et les informations g\u00e9n\u00e9rales susceptibles d'int\u00e9resser les \u00e9tablissements membres ;<\/strong><\/p>\n<p><strong style=\"font-size: 16px;\"><span style=\"font-size: 16px;\">\u2013 Une revue \u00ab FINANCE ET D\u00c9VELOPPEMENT EN AFRIQUE \u00bb, publi\u00e9e semestriellement, qui pr\u00e9sente des articles r\u00e9dig\u00e9s par des personnalit\u00e9s de la banque et de la finance de d\u00e9veloppement,<\/span><\/strong><\/p>\n<p><strong style=\"font-size: 16px;\">\u2013 Rapports des s\u00e9minaires et tables rondes de l'AIAFD ;<\/strong><\/p>\n<p><strong style=\"font-size: 16px;\"><span style=\"font-size: 16px;\">\u2013 Un Annuaire fournissant des informations descriptives sur les institutions membres ;<\/span><\/strong><\/p>\n<p><strong style=\"font-size: 16px;\">\u2013 Un Rapport Annuel d'activit\u00e9s.<\/strong><\/p>\n<\/div>\n<\/div>\n<\/div>\n<\/div>\n<div class=\"kc-elm kc-css-83473 kc_row kc_row_inner\">\n<div class=\"kc-elm kc-css-837222 kc_col-sm-11 kc_column_inner kc_col-sm-11\">\n<div class=\"kc_wrapper kc-col-inner-container\">\n<div class=\"kc-elm kc-css-45618 kc_text_block\">\n<p><strong>\u2013 Une brochure annuelle d\u2019information de l\u2019Assembl\u00e9e G\u00e9n\u00e9rale Ordinaire.<\/strong><\/p>\n<\/div>\n<\/div>\n<\/div>\n<\/div>\n<div class=\"kc-elm kc-css-336608\"><strong><span style=\"font-size: 16px;\">\u2013 Une brochure sur l'Association.<\/span><\/strong><\/div>\n<\/div>\n<p><\/p>\t\t\t\t\t\t\t\t<\/div>\n\t\t\t\t<\/div>\n\t\t<div class=\"elementor-element elementor-element-7c78ce5d e-con-full e-flex e-con e-parent\" data-id=\"7c78ce5d\" data-element_type=\"container\" data-e-type=\"container\">\n\t\t<div class=\"elementor-element elementor-element-714cd62a e-flex e-con-boxed e-con e-parent\" data-id=\"714cd62a\" data-element_type=\"container\" data-e-type=\"container\" data-settings=\"{&quot;background_background&quot;:&quot;classic&quot;}\">\n\t\t\t\t\t<div class=\"e-con-inner\">\n\t\t\t\t<div class=\"elementor-element elementor-element-4dd1b9df elementor-widget-divider--view-line_text elementor-widget-divider--element-align-center elementor-widget elementor-widget-divider\" data-id=\"4dd1b9df\" data-element_type=\"widget\" data-e-type=\"widget\" data-widget_type=\"divider.default\">\n\t\t\t\t\t\t\t<div class=\"elementor-divider\">\n\t\t\t<span class=\"elementor-divider-separator\">\n\t\t\t\t\t\t\t<span class=\"elementor-divider__text elementor-divider__element\">\n\t\t\t\tNos Membres par pays\t\t\t\t<\/span>\n\t\t\t\t\t\t<\/span>\n\t\t<\/div>\n\t\t\t\t\t\t<\/div>\n\t\t\t\t<div class=\"elementor-element elementor-element-6107ea67 elementor-widget__width-initial elementor-widget elementor-widget-text-editor\" data-id=\"6107ea67\" data-element_type=\"widget\" data-e-type=\"widget\" data-widget_type=\"text-editor.default\">\n\t\t\t\t\t\t\t\t\t<div class=\"map_wrapper\" id=\"map_wrapper_640\">\n<div class=\"map_box\" style=\"max-width:2200px\">\n<div class=\"map_aspect_ratio\" style=\"padding-top:100%\" data-padding-top=\"100%\" data-padding-top-mobile=\"0%\">\n<div class=\"map_container\">\n<div class=\"map_render map_loading\" id=\"map_640\"><\/div>\n<\/div>\n<\/div>\n<\/div>\n<\/div>\t\t\t\t\t\t\t\t<\/div>\n\t\t\t\t\t<\/div>\n\t\t\t\t<\/div>\n\t\t\t\t<\/div>\n\t\t\t\t\t<\/div>\n\t\t\t\t<\/div>\n\t\t\t\t<\/div>","protected":false},"excerpt":{"rendered":"<p>Knowledge and Information Management Information is very vital in promoting the activities of member institutions. As a result, the AADFI gathers and shares relevant information on development banking and finance, policy papers, and information from its member \u2013 institutions and network. AADFI also provides knowledge products on its activities, from member institutions and its network, [&hellip;]<\/p>\n","protected":false},"author":1,"featured_media":0,"parent":0,"menu_order":0,"comment_status":"closed","ping_status":"closed","template":"elementor_header_footer","meta":{"_acf_changed":false,"nf_dc_page":"","_eb_attr":"","_monsterinsights_skip_tracking":false,"_monsterinsights_sitenote_active":false,"_monsterinsights_sitenote_note":"","_monsterinsights_sitenote_category":0,"_uf_show_specific_survey":0,"_uf_disable_surveys":false,"site-sidebar-layout":"no-sidebar","site-content-layout":"page-builder","ast-site-content-layout":"default","site-content-style":"default","site-sidebar-style":"default","ast-global-header-display":"","ast-banner-title-visibility":"","ast-main-header-display":"","ast-hfb-above-header-display":"","ast-hfb-below-header-display":"","ast-hfb-mobile-header-display":"","site-post-title":"disabled","ast-breadcrumbs-content":"","ast-featured-img":"disabled","footer-sml-layout":"","ast-disable-related-posts":"","theme-transparent-header-meta":"","adv-header-id-meta":"","stick-header-meta":"","header-above-stick-meta":"","header-main-stick-meta":"","header-below-stick-meta":"","astra-migrate-meta-layouts":"default","ast-page-background-enabled":"default","ast-page-background-meta":{"desktop":{"background-color":"var(--ast-global-color-4)","background-image":"","background-repeat":"repeat","background-position":"center center","background-size":"auto","background-attachment":"scroll","background-type":"","background-media":"","overlay-type":"","overlay-color":"","overlay-opacity":"","overlay-gradient":""},"tablet":{"background-color":"","background-image":"","background-repeat":"repeat","background-position":"center center","background-size":"auto","background-attachment":"scroll","background-type":"","background-media":"","overlay-type":"","overlay-color":"","overlay-opacity":"","overlay-gradient":""},"mobile":{"background-color":"","background-image":"","background-repeat":"repeat","background-position":"center center","background-size":"auto","background-attachment":"scroll","background-type":"","background-media":"","overlay-type":"","overlay-color":"","overlay-opacity":"","overlay-gradient":""}},"ast-content-background-meta":{"desktop":{"background-color":"var(--ast-global-color-5)","background-image":"","background-repeat":"repeat","background-position":"center center","background-size":"auto","background-attachment":"scroll","background-type":"","background-media":"","overlay-type":"","overlay-color":"","overlay-opacity":"","overlay-gradient":""},"tablet":{"background-color":"var(--ast-global-color-5)","background-image":"","background-repeat":"repeat","background-position":"center center","background-size":"auto","background-attachment":"scroll","background-type":"","background-media":"","overlay-type":"","overlay-color":"","overlay-opacity":"","overlay-gradient":""},"mobile":{"background-color":"var(--ast-global-color-5)","background-image":"","background-repeat":"repeat","background-position":"center center","background-size":"auto","background-attachment":"scroll","background-type":"","background-media":"","overlay-type":"","overlay-color":"","overlay-opacity":"","overlay-gradient":""}},"two_page_speed":[],"footnotes":""},"class_list":["post-6583","page","type-page","status-publish","hentry"],"acf":[],"aioseo_notices":[],"jetpack_sharing_enabled":true,"rttpg_featured_image_url":null,"rttpg_author":{"display_name":"AdmAADFI","author_link":"https:\/\/adfi-ci.org\/fr\/author\/admaadfi\/"},"rttpg_comment":0,"rttpg_category":null,"rttpg_excerpt":"Knowledge and Information Management Information is very vital in promoting the activities of member institutions. As a result, the AADFI gathers and shares relevant information on development banking and finance, policy papers, and information from its member \u2013 institutions and network. AADFI also provides knowledge products on its activities, from member institutions and its network,\u2026","_links":{"self":[{"href":"https:\/\/adfi-ci.org\/fr\/wp-json\/wp\/v2\/pages\/6583","targetHints":{"allow":["GET"]}}],"collection":[{"href":"https:\/\/adfi-ci.org\/fr\/wp-json\/wp\/v2\/pages"}],"about":[{"href":"https:\/\/adfi-ci.org\/fr\/wp-json\/wp\/v2\/types\/page"}],"author":[{"embeddable":true,"href":"https:\/\/adfi-ci.org\/fr\/wp-json\/wp\/v2\/users\/1"}],"replies":[{"embeddable":true,"href":"https:\/\/adfi-ci.org\/fr\/wp-json\/wp\/v2\/comments?post=6583"}],"version-history":[{"count":7,"href":"https:\/\/adfi-ci.org\/fr\/wp-json\/wp\/v2\/pages\/6583\/revisions"}],"predecessor-version":[{"id":6590,"href":"https:\/\/adfi-ci.org\/fr\/wp-json\/wp\/v2\/pages\/6583\/revisions\/6590"}],"wp:attachment":[{"href":"https:\/\/adfi-ci.org\/fr\/wp-json\/wp\/v2\/media?parent=6583"}],"curies":[{"name":"wp","href":"https:\/\/api.w.org\/{rel}","templated":true}]}}