{"id":6591,"date":"2023-08-30T10:51:27","date_gmt":"2023-08-30T10:51:27","guid":{"rendered":"https:\/\/new.adfi-ci.org\/?page_id=6591"},"modified":"2023-08-30T10:51:59","modified_gmt":"2023-08-30T10:51:59","slug":"cooperation-networking-and-coordination","status":"publish","type":"page","link":"https:\/\/adfi-ci.org\/fr\/cooperation-networking-and-coordination\/","title":{"rendered":"Cooperation, Networking, and Coordination"},"content":{"rendered":"<div data-elementor-type=\"wp-page\" data-elementor-id=\"6591\" class=\"elementor elementor-6591\" data-elementor-post-type=\"page\">\n\t\t\t\t\t\t<section class=\"elementor-section elementor-top-section elementor-element elementor-element-15527b00 elementor-section-content-top elementor-section-full_width elementor-section-height-default elementor-section-height-default\" data-id=\"15527b00\" data-element_type=\"section\" data-e-type=\"section\" data-settings=\"{&quot;background_background&quot;:&quot;classic&quot;}\">\n\t\t\t\t\t\t\t<div class=\"elementor-background-overlay\"><\/div>\n\t\t\t\t\t\t\t<div class=\"elementor-container elementor-column-gap-no\">\n\t\t\t\t\t<div class=\"elementor-column elementor-col-100 elementor-top-column elementor-element elementor-element-64395484\" data-id=\"64395484\" data-element_type=\"column\" data-e-type=\"column\">\n\t\t\t<div class=\"elementor-widget-wrap elementor-element-populated\">\n\t\t\t\t<div class=\"elementor-element elementor-element-47926ac0 e-flex e-con-boxed e-con e-parent\" data-id=\"47926ac0\" data-element_type=\"container\" data-e-type=\"container\">\n\t\t\t\t\t<div class=\"e-con-inner\">\n\t\t\t\t<div class=\"elementor-element elementor-element-5bbd99df elementor-widget elementor-widget-heading\" data-id=\"5bbd99df\" data-element_type=\"widget\" data-e-type=\"widget\" data-widget_type=\"heading.default\">\n\t\t\t\t\t<h6 class=\"elementor-heading-title elementor-size-medium\">Cooperation, Networking, and Coordination<\/h6>\t\t\t\t<\/div>\n\t\t\t\t\t<\/div>\n\t\t\t\t<\/div>\n\t\t\t\t\t<\/div>\n\t\t<\/div>\n\t\t\t\t\t<\/div>\n\t\t<\/section>\n\t\t<div class=\"elementor-element elementor-element-50241de5 e-flex e-con-boxed e-con e-parent\" data-id=\"50241de5\" data-element_type=\"container\" data-e-type=\"container\">\n\t\t\t\t\t<div class=\"e-con-inner\">\n\t\t<div class=\"elementor-element elementor-element-7ac439bb e-con-full e-flex e-con e-parent\" data-id=\"7ac439bb\" data-element_type=\"container\" data-e-type=\"container\">\n\t\t\t\t<div class=\"elementor-element elementor-element-73764d95 elementor-widget elementor-widget-text-editor\" data-id=\"73764d95\" data-element_type=\"widget\" data-e-type=\"widget\" data-widget_type=\"text-editor.default\">\n\t\t\t\t\t\t\t\t\t<p><\/p>\n<div class=\"kc-elm kc-css-663102 kc_text_block\">\n<div class=\"kc-elm kc-css-921541 kc_text_block\">\n<p class=\"translation-block\">L'AIAFD organise des r\u00e9unions p\u00e9riodiques des chefs d'IFD africaines, et avec leurs homologues des IFD des autres continents, pour promouvoir l'\u00e9change d'id\u00e9es et d'exp\u00e9riences. Ces plates-formes cr\u00e9ent une opportunit\u00e9 de mise en r\u00e9seau, de coop\u00e9ration institutionnelle et technique, de construction d'alliances strat\u00e9giques pour la mobilisation des ressources et la promotion de projets visant \u00e0 faire progresser le d\u00e9veloppement socio-\u00e9conomique sur le continent.<\/p>\n<p>L'AADFI entretient une collaboration \u00e9troite entre ses membres, les partenaires de d\u00e9veloppement et les BMD en Afrique et sur d'autres continents. L'Association s'associe \u00e9galement \u00e0 des centres universitaires et \u00e0 des instituts de recherche pour d\u00e9velopper des produits de connaissances dans le domaine du financement du d\u00e9veloppement.<\/p>\n<\/div>\n<\/div>\n<p><\/p>\t\t\t\t\t\t\t\t<\/div>\n\t\t\t\t<\/div>\n\t\t<div class=\"elementor-element elementor-element-3ed4fab e-con-full e-flex e-con e-parent\" data-id=\"3ed4fab\" data-element_type=\"container\" data-e-type=\"container\">\n\t\t<div class=\"elementor-element elementor-element-491dcd01 e-flex e-con-boxed e-con e-parent\" data-id=\"491dcd01\" data-element_type=\"container\" data-e-type=\"container\" data-settings=\"{&quot;background_background&quot;:&quot;classic&quot;}\">\n\t\t\t\t\t<div class=\"e-con-inner\">\n\t\t\t\t<div class=\"elementor-element elementor-element-41b44667 elementor-widget-divider--view-line_text elementor-widget-divider--element-align-center elementor-widget elementor-widget-divider\" data-id=\"41b44667\" data-element_type=\"widget\" data-e-type=\"widget\" data-widget_type=\"divider.default\">\n\t\t\t\t\t\t\t<div class=\"elementor-divider\">\n\t\t\t<span class=\"elementor-divider-separator\">\n\t\t\t\t\t\t\t<span class=\"elementor-divider__text elementor-divider__element\">\n\t\t\t\tNos Membres par pays\t\t\t\t<\/span>\n\t\t\t\t\t\t<\/span>\n\t\t<\/div>\n\t\t\t\t\t\t<\/div>\n\t\t\t\t<div class=\"elementor-element elementor-element-627332d3 elementor-widget__width-initial elementor-widget elementor-widget-text-editor\" data-id=\"627332d3\" data-element_type=\"widget\" data-e-type=\"widget\" data-widget_type=\"text-editor.default\">\n\t\t\t\t\t\t\t\t\t<div class=\"map_wrapper\" id=\"map_wrapper_640\">\n<div class=\"map_box\" style=\"max-width:2200px\">\n<div class=\"map_aspect_ratio\" style=\"padding-top:100%\" data-padding-top=\"100%\" data-padding-top-mobile=\"0%\">\n<div class=\"map_container\">\n<div class=\"map_render map_loading\" id=\"map_640\"><\/div>\n<\/div>\n<\/div>\n<\/div>\n<\/div>\t\t\t\t\t\t\t\t<\/div>\n\t\t\t\t\t<\/div>\n\t\t\t\t<\/div>\n\t\t\t\t<\/div>\n\t\t\t\t\t<\/div>\n\t\t\t\t<\/div>\n\t\t\t\t<\/div>","protected":false},"excerpt":{"rendered":"<p>Cooperation, Networking, and Coordination AADFI\u00a0organize periodic meetings of heads of African DFIs, and with their counterpart DFIs on the other continents, to promote the exchange of ideas and experiences. These platforms create an opportunity for networking, institutional and technical co-operation, building strategic alliances for resource mobilization and promotion of projects in advancing socio-economic development on [&hellip;]<\/p>\n","protected":false},"author":1,"featured_media":0,"parent":0,"menu_order":0,"comment_status":"closed","ping_status":"closed","template":"elementor_header_footer","meta":{"_acf_changed":false,"nf_dc_page":"","_eb_attr":"","_monsterinsights_skip_tracking":false,"_monsterinsights_sitenote_active":false,"_monsterinsights_sitenote_note":"","_monsterinsights_sitenote_category":0,"_uf_show_specific_survey":0,"_uf_disable_surveys":false,"site-sidebar-layout":"no-sidebar","site-content-layout":"page-builder","ast-site-content-layout":"default","site-content-style":"default","site-sidebar-style":"default","ast-global-header-display":"","ast-banner-title-visibility":"","ast-main-header-display":"","ast-hfb-above-header-display":"","ast-hfb-below-header-display":"","ast-hfb-mobile-header-display":"","site-post-title":"disabled","ast-breadcrumbs-content":"","ast-featured-img":"disabled","footer-sml-layout":"","ast-disable-related-posts":"","theme-transparent-header-meta":"","adv-header-id-meta":"","stick-header-meta":"","header-above-stick-meta":"","header-main-stick-meta":"","header-below-stick-meta":"","astra-migrate-meta-layouts":"default","ast-page-background-enabled":"default","ast-page-background-meta":{"desktop":{"background-color":"var(--ast-global-color-4)","background-image":"","background-repeat":"repeat","background-position":"center center","background-size":"auto","background-attachment":"scroll","background-type":"","background-media":"","overlay-type":"","overlay-color":"","overlay-opacity":"","overlay-gradient":""},"tablet":{"background-color":"","background-image":"","background-repeat":"repeat","background-position":"center center","background-size":"auto","background-attachment":"scroll","background-type":"","background-media":"","overlay-type":"","overlay-color":"","overlay-opacity":"","overlay-gradient":""},"mobile":{"background-color":"","background-image":"","background-repeat":"repeat","background-position":"center center","background-size":"auto","background-attachment":"scroll","background-type":"","background-media":"","overlay-type":"","overlay-color":"","overlay-opacity":"","overlay-gradient":""}},"ast-content-background-meta":{"desktop":{"background-color":"var(--ast-global-color-5)","background-image":"","background-repeat":"repeat","background-position":"center center","background-size":"auto","background-attachment":"scroll","background-type":"","background-media":"","overlay-type":"","overlay-color":"","overlay-opacity":"","overlay-gradient":""},"tablet":{"background-color":"var(--ast-global-color-5)","background-image":"","background-repeat":"repeat","background-position":"center center","background-size":"auto","background-attachment":"scroll","background-type":"","background-media":"","overlay-type":"","overlay-color":"","overlay-opacity":"","overlay-gradient":""},"mobile":{"background-color":"var(--ast-global-color-5)","background-image":"","background-repeat":"repeat","background-position":"center center","background-size":"auto","background-attachment":"scroll","background-type":"","background-media":"","overlay-type":"","overlay-color":"","overlay-opacity":"","overlay-gradient":""}},"two_page_speed":[],"footnotes":""},"class_list":["post-6591","page","type-page","status-publish","hentry"],"acf":[],"aioseo_notices":[],"jetpack_sharing_enabled":true,"rttpg_featured_image_url":null,"rttpg_author":{"display_name":"AdmAADFI","author_link":"https:\/\/adfi-ci.org\/fr\/author\/admaadfi\/"},"rttpg_comment":0,"rttpg_category":null,"rttpg_excerpt":"Cooperation, Networking, and Coordination AADFI\u00a0organize periodic meetings of heads of African DFIs, and with their counterpart DFIs on the other continents, to promote the exchange of ideas and experiences. These platforms create an opportunity for networking, institutional and technical co-operation, building strategic alliances for resource mobilization and promotion of projects in advancing socio-economic development on\u2026","_links":{"self":[{"href":"https:\/\/adfi-ci.org\/fr\/wp-json\/wp\/v2\/pages\/6591","targetHints":{"allow":["GET"]}}],"collection":[{"href":"https:\/\/adfi-ci.org\/fr\/wp-json\/wp\/v2\/pages"}],"about":[{"href":"https:\/\/adfi-ci.org\/fr\/wp-json\/wp\/v2\/types\/page"}],"author":[{"embeddable":true,"href":"https:\/\/adfi-ci.org\/fr\/wp-json\/wp\/v2\/users\/1"}],"replies":[{"embeddable":true,"href":"https:\/\/adfi-ci.org\/fr\/wp-json\/wp\/v2\/comments?post=6591"}],"version-history":[{"count":4,"href":"https:\/\/adfi-ci.org\/fr\/wp-json\/wp\/v2\/pages\/6591\/revisions"}],"predecessor-version":[{"id":6595,"href":"https:\/\/adfi-ci.org\/fr\/wp-json\/wp\/v2\/pages\/6591\/revisions\/6595"}],"wp:attachment":[{"href":"https:\/\/adfi-ci.org\/fr\/wp-json\/wp\/v2\/media?parent=6591"}],"curies":[{"name":"wp","href":"https:\/\/api.w.org\/{rel}","templated":true}]}}