{"id":6933,"date":"2023-09-14T09:06:55","date_gmt":"2023-09-14T09:06:55","guid":{"rendered":"https:\/\/new.adfi-ci.org\/?page_id=6933"},"modified":"2024-05-14T09:12:02","modified_gmt":"2024-05-14T09:12:02","slug":"psgrs","status":"publish","type":"page","link":"https:\/\/adfi-ci.org\/fr\/psgrs\/","title":{"rendered":"NDPSE"},"content":{"rendered":"<div data-elementor-type=\"wp-page\" data-elementor-id=\"6933\" class=\"elementor elementor-6933\" data-elementor-post-type=\"page\">\n\t\t\t\t<div class=\"elementor-element elementor-element-3f42a96d e-flex e-con-boxed e-con e-parent\" data-id=\"3f42a96d\" data-element_type=\"container\" data-e-type=\"container\" data-settings=\"{&quot;background_background&quot;:&quot;classic&quot;}\">\n\t\t\t\t\t<div class=\"e-con-inner\">\n\t\t<div class=\"elementor-element elementor-element-7bed5452 e-flex e-con-boxed e-con e-child\" data-id=\"7bed5452\" data-element_type=\"container\" data-e-type=\"container\">\n\t\t\t\t\t<div class=\"e-con-inner\">\n\t\t\t\t<div class=\"elementor-element elementor-element-54f92778 elementor-widget elementor-widget-heading\" data-id=\"54f92778\" data-element_type=\"widget\" data-e-type=\"widget\" data-widget_type=\"heading.default\">\n\t\t\t\t\t<h3 class=\"elementor-heading-title elementor-size-xl\">PRUDENTIAL STANDARDS, GUIDELINES AND<br> RATING SYSTEM\u200b<\/h3>\t\t\t\t<\/div>\n\t\t\t\t\t<\/div>\n\t\t\t\t<\/div>\n\t\t\t\t\t<\/div>\n\t\t\t\t<\/div>\n\t\t\t\t<section class=\"elementor-section elementor-top-section elementor-element elementor-element-21be9af6 elementor-section-content-top elementor-section-full_width elementor-section-height-default elementor-section-height-default\" data-id=\"21be9af6\" data-element_type=\"section\" data-e-type=\"section\" data-settings=\"{&quot;background_background&quot;:&quot;classic&quot;}\">\n\t\t\t\t\t\t\t<div class=\"elementor-background-overlay\"><\/div>\n\t\t\t\t\t\t\t<div class=\"elementor-container elementor-column-gap-no\">\n\t\t\t\t\t<div class=\"elementor-column elementor-col-100 elementor-top-column elementor-element elementor-element-32a38fe2\" data-id=\"32a38fe2\" data-element_type=\"column\" data-e-type=\"column\">\n\t\t\t<div class=\"elementor-widget-wrap elementor-element-populated\">\n\t\t\t\t<div class=\"elementor-element elementor-element-41b21954 e-flex e-con-boxed e-con e-parent\" data-id=\"41b21954\" data-element_type=\"container\" data-e-type=\"container\">\n\t\t\t\t\t<div class=\"e-con-inner\">\n\t\t\t\t\t<\/div>\n\t\t\t\t<\/div>\n\t\t\t\t\t<\/div>\n\t\t<\/div>\n\t\t\t\t\t<\/div>\n\t\t<\/section>\n\t\t<div class=\"elementor-element elementor-element-691ef1fb e-flex e-con-boxed e-con e-parent\" data-id=\"691ef1fb\" data-element_type=\"container\" data-e-type=\"container\">\n\t\t\t\t\t<div class=\"e-con-inner\">\n\t\t<div class=\"elementor-element elementor-element-6dcc594 e-con-full e-flex e-con e-child\" data-id=\"6dcc594\" data-element_type=\"container\" data-e-type=\"container\">\n\t\t\t\t<div class=\"elementor-element elementor-element-64d80aab elementor-widget elementor-widget-text-editor\" data-id=\"64d80aab\" data-element_type=\"widget\" data-e-type=\"widget\" data-widget_type=\"text-editor.default\">\n\t\t\t\t\t\t\t\t\t<div class=\"kc-elm kc-css-841922 kc_text_block kc-pc-loaded\"><p><img fetchpriority=\"high\" decoding=\"async\" data-recalc-dims=\"1\" class=\"size-medium wp-image-6936 alignleft\" src=\"https:\/\/i0.wp.com\/adfi-ci.org\/wp-content\/uploads\/2023\/09\/aadfi_pub_en_20191202182122-1-e1694769570355-168x300.png?resize=168%2C300&#038;ssl=1\" alt=\"\" width=\"168\" height=\"300\" srcset=\"https:\/\/i0.wp.com\/adfi-ci.org\/wp-content\/uploads\/2023\/09\/aadfi_pub_en_20191202182122-1-e1694769570355.png?resize=168%2C300&amp;ssl=1 168w, https:\/\/i0.wp.com\/adfi-ci.org\/wp-content\/uploads\/2023\/09\/aadfi_pub_en_20191202182122-1-e1694769570355.png?resize=7%2C12&amp;ssl=1 7w, https:\/\/i0.wp.com\/adfi-ci.org\/wp-content\/uploads\/2023\/09\/aadfi_pub_en_20191202182122-1-e1694769570355.png?resize=337%2C600&amp;ssl=1 337w, https:\/\/i0.wp.com\/adfi-ci.org\/wp-content\/uploads\/2023\/09\/aadfi_pub_en_20191202182122-1-e1694769570355.png?w=359&amp;ssl=1 359w\" sizes=\"(max-width: 168px) 100vw, 168px\" \/>L'Association des institutions africaines de financement du d\u00e9veloppement (AIAFD), en collaboration avec la Banque africaine de d\u00e9veloppement (BAD), a le plaisir de publier ses Normes prudentielles, lignes directrices et syst\u00e8me d'\u00e9valuation (NDPSE) pour les banques de d\u00e9veloppement et les institutions financi\u00e8res africaines.<\/p><p>En 2000, l'AIAFD a demand\u00e9 \u00e0 la BAD de r\u00e9aliser une \u00e9tude sur le \u00ab renforcement des IFD africaines \u00bb. Apr\u00e8s l'\u00e9tude, la BAD a parrain\u00e9 une r\u00e9union consultative des IFD africaines, des banques centrales et des banques commerciales, ainsi que des institutions financi\u00e8res multilat\u00e9rales, y compris le Groupe de la Banque mondiale et le Fonds mon\u00e9taire international, sur le rapport de l'\u00e9tude. L'une des conclusions de la r\u00e9union consultative, qui s'est tenue \u00e0 Abidjan, en C\u00f4te d'Ivoire, du 30 octobre au 1er novembre 2001, a \u00e9t\u00e9 la pr\u00e9paration de normes et de lignes directrices prudentielles appropri\u00e9es pour les IFD africaines.<\/p><p>Comme pour l'\u00e9laboration d'autres normes bancaires et financi\u00e8res internationales, l'\u00e9laboration des normes et lignes directrices prudentielles des IFD s'est faite par \u00e9tapes et de mani\u00e8re tr\u00e8s participative, en impliquant toutes les principales parties prenantes. Le projet s'est d\u00e9roul\u00e9 en trois phases : \u00e9tablissement de la n\u00e9cessit\u00e9 des lignes directrices, \u00e9laboration du projet de lignes directrices et test pilote des lignes directrices dans des institutions volontaires s\u00e9lectionn\u00e9es dans six pays. Chaque phase a \u00e9t\u00e9 suivie d'une conf\u00e9rence de validation afin d'examiner le projet de lignes directrices et de recommander des actions suppl\u00e9mentaires pour leur d\u00e9veloppement. Trois conf\u00e9rences de ce type ont \u00e9t\u00e9 organis\u00e9es : l'atelier de l'Assembl\u00e9e g\u00e9n\u00e9rale de l'AIAFD \u00e0 Ouagadougou, au Burkina Faso, le 13 mai 2006 ; le Forum des directeurs g\u00e9n\u00e9raux de l'AIAFD \u00e0 Accra, en novembre 2007 ; et le Forum des directeurs g\u00e9n\u00e9raux de l'AIAFD \u00e0 Sun City, en Afrique du Sud, en novembre 2008. Les banques centrales, les minist\u00e8res des finances, les organisations internationales, sous-r\u00e9gionales et multilat\u00e9rales, y compris la BAD, la Banque mondiale, les Nations unies et certaines communaut\u00e9s \u00e9conomiques r\u00e9gionales ont \u00e9galement particip\u00e9 aux conf\u00e9rences de validation.<\/p><p>Outre la r\u00e9vision des normes, directives prudentielles de syst\u00e8me d'\u00e9valuation, les conf\u00e9rences de validation ont \u00e9galement permis de :<\/p><\/div>\t\t\t\t\t\t\t\t<\/div>\n\t\t\t\t<\/div>\n\t\t<div class=\"elementor-element elementor-element-83e8b69 e-con-full e-flex e-con e-child\" data-id=\"83e8b69\" data-element_type=\"container\" data-e-type=\"container\">\n\t\t\t\t<div class=\"elementor-element elementor-element-3c07f9c elementor-widget elementor-widget-heading\" data-id=\"3c07f9c\" data-element_type=\"widget\" data-e-type=\"widget\" data-widget_type=\"heading.default\">\n\t\t\t\t\t<p class=\"elementor-heading-title elementor-size-default\">Incoming Programs on PSGRS<\/p>\t\t\t\t<\/div>\n\t\t\t\t<div class=\"elementor-element elementor-element-a7ef936 elementor-widget-tablet__width-initial elementor-widget-mobile__width-inherit elementor-widget__width-initial elementor-position-top elementor-widget elementor-widget-image-box\" data-id=\"a7ef936\" data-element_type=\"widget\" data-e-type=\"widget\" data-widget_type=\"image-box.default\">\n\t\t\t\t\t<div class=\"elementor-image-box-wrapper\"><figure class=\"elementor-image-box-img\"><a href=\"#\" rel=\"nofollow\" tabindex=\"-1\"><img data-recalc-dims=\"1\" decoding=\"async\" src=\"https:\/\/i0.wp.com\/adfi-ci.org\/wp-content\/uploads\/2024\/02\/PSGRS2024.png?ssl=1\" title=\"\" alt=\"\" class=\"elementor-animation-grow\" loading=\"lazy\" \/><\/a><\/figure><div class=\"elementor-image-box-content\"><h4 class=\"elementor-image-box-title\"><a href=\"#\" rel=\"nofollow\"><small>Atelier sur le <\/small><br>NDPSE<br> Application and Methodology<\/a><\/h4><p class=\"elementor-image-box-description\">&lt;!--<strong>2-4 Avril 2024<\/strong><br>\nVirtual | English &amp; French--&gt;<\/p><\/div><\/div>\t\t\t\t<\/div>\n\t\t\t\t<div class=\"elementor-element elementor-element-55fd5155 elementor-widget-divider--view-line elementor-widget elementor-widget-divider\" data-id=\"55fd5155\" data-element_type=\"widget\" data-e-type=\"widget\" data-widget_type=\"divider.default\">\n\t\t\t\t\t\t\t<div class=\"elementor-divider\">\n\t\t\t<span class=\"elementor-divider-separator\">\n\t\t\t\t\t\t<\/span>\n\t\t<\/div>\n\t\t\t\t\t\t<\/div>\n\t\t\t\t<\/div>\n\t\t\t\t\t<\/div>\n\t\t\t\t<\/div>\n\t\t<div class=\"elementor-element elementor-element-79d4d2c e-flex e-con-boxed e-con e-parent\" data-id=\"79d4d2c\" data-element_type=\"container\" data-e-type=\"container\">\n\t\t\t\t\t<div class=\"e-con-inner\">\n\t\t<div class=\"elementor-element elementor-element-ad93845 e-con-full e-flex e-con e-child\" data-id=\"ad93845\" data-element_type=\"container\" data-e-type=\"container\">\n\t\t\t\t<div class=\"elementor-element elementor-element-41e5ff2 elementor-widget elementor-widget-eael-feature-list\" data-id=\"41e5ff2\" data-element_type=\"widget\" data-e-type=\"widget\" data-widget_type=\"eael-feature-list.default\">\n\t\t\t\t\t\t\t<div class=\"-icon-position-left -tablet-icon-position-left -mobile-icon-position-left\">\n\t\t\t<ul id=\"eael-feature-list-41e5ff2\" class=\"eael-feature-list-items circle framed  eael-feature-list-vertical\" data-layout-tablet=\"vertical\" data-layout-mobile=\"vertical\">\n\t\t\t                <li class=\"eael-feature-list-item elementor-repeater-item-790520d\">\n                    \n\t\t\t\t\t\t<div class=\"eael-feature-list-icon-box\">\n\t\t\t\t\t\t\t<div class=\"eael-feature-list-icon-inner\">\n\n\t\t\t\t\t\t\t\t<span class=\"eael-feature-list-icon fl-icon-0\">\n\n\t\t<svg aria-hidden=\"true\" class=\"e-font-icon-svg e-fas-minus\" viewbox=\"0 0 448 512\" xmlns=\"http:\/\/www.w3.org\/2000\/svg\"><path d=\"M416 208H32c-17.67 0-32 14.33-32 32v32c0 17.67 14.33 32 32 32h384c17.67 0 32-14.33 32-32v-32c0-17.67-14.33-32-32-32z\"><\/path><\/svg>\t\t\t\t\t\t\t\t<\/span>\n\t\t\t\t\t\t\t<\/div>\n\t\t\t\t\t\t<\/div>\n\t\t\t\t\t\t<div class=\"eael-feature-list-content-box\">\n                            <h6 class=\"eael-feature-list-title\">Aborder les questions et les options relatives \u00e0 la mise en \u0153uvre pratique des normes et des lignes directrices de l'AIAFD par les banques nationales de d\u00e9veloppement, les institutions financi\u00e8res et les autres IFD en Afrique ;<\/h6>\t\t\t\t\t\t<p class=\"eael-feature-list-content\"><\/p>\n\t\t\t\t\t\t<\/div>\n\n\t\t\t\t\t<\/li>\n\t\t\t\t                <li class=\"eael-feature-list-item elementor-repeater-item-d6bd5a1\">\n                    \n\t\t\t\t\t\t<div class=\"eael-feature-list-icon-box\">\n\t\t\t\t\t\t\t<div class=\"eael-feature-list-icon-inner\">\n\n\t\t\t\t\t\t\t\t<span class=\"eael-feature-list-icon fl-icon-1\">\n\n\t\t<svg aria-hidden=\"true\" class=\"e-font-icon-svg e-fas-minus\" viewbox=\"0 0 448 512\" xmlns=\"http:\/\/www.w3.org\/2000\/svg\"><path d=\"M416 208H32c-17.67 0-32 14.33-32 32v32c0 17.67 14.33 32 32 32h384c17.67 0 32-14.33 32-32v-32c0-17.67-14.33-32-32-32z\"><\/path><\/svg>\t\t\t\t\t\t\t\t<\/span>\n\t\t\t\t\t\t\t<\/div>\n\t\t\t\t\t\t<\/div>\n\t\t\t\t\t\t<div class=\"eael-feature-list-content-box\">\n                            <h6 class=\"eael-feature-list-title\">Fournir aux participants une compr\u00e9hension claire des normes et lignes directrices prudentielles de l'AIAFD pour les IFD africaines \u00e0 travers des pr\u00e9sentations par le consultant de l'\u00e9tude et l'\u00e9change d'exp\u00e9riences ; et<\/h6>\t\t\t\t\t\t<p class=\"eael-feature-list-content\"><\/p>\n\t\t\t\t\t\t<\/div>\n\n\t\t\t\t\t<\/li>\n\t\t\t\t                <li class=\"eael-feature-list-item elementor-repeater-item-9b253e7\">\n                    \n\t\t\t\t\t\t<div class=\"eael-feature-list-icon-box\">\n\t\t\t\t\t\t\t<div class=\"eael-feature-list-icon-inner\">\n\n\t\t\t\t\t\t\t\t<span class=\"eael-feature-list-icon fl-icon-2\">\n\n\t\t<svg aria-hidden=\"true\" class=\"e-font-icon-svg e-fas-minus\" viewbox=\"0 0 448 512\" xmlns=\"http:\/\/www.w3.org\/2000\/svg\"><path d=\"M416 208H32c-17.67 0-32 14.33-32 32v32c0 17.67 14.33 32 32 32h384c17.67 0 32-14.33 32-32v-32c0-17.67-14.33-32-32-32z\"><\/path><\/svg>\t\t\t\t\t\t\t\t<\/span>\n\t\t\t\t\t\t\t<\/div>\n\t\t\t\t\t\t<\/div>\n\t\t\t\t\t\t<div class=\"eael-feature-list-content-box\">\n                            <h6 class=\"eael-feature-list-title\">Pr\u00e9parer les participants \u00e0 l'application effective des normes et lignes directrices prudentielles dans leurs IFD respectives.<\/h6>\t\t\t\t\t\t<p class=\"eael-feature-list-content\"><\/p>\n\t\t\t\t\t\t<\/div>\n\n\t\t\t\t\t<\/li>\n\t\t\t\t\t\t\t<\/ul>\n\t\t<\/div>\n\t\t\t\t\t\t<\/div>\n\t\t\t\t<div class=\"elementor-element elementor-element-c540c65 elementor-widget elementor-widget-text-editor\" data-id=\"c540c65\" data-element_type=\"widget\" data-e-type=\"widget\" data-widget_type=\"text-editor.default\">\n\t\t\t\t\t\t\t\t\tLe point fort de l'\u00e9laboration des NDPSE a \u00e9t\u00e9 l'examen des r\u00e9sultats des tests pilotes dans les six pays et la r\u00e9vision finale du document sur les NDPSE, qui a eu lieu lors du Forum des directeurs g\u00e9n\u00e9raux de l'AIAFD \u00e0 Sun City en novembre 2008. Les PDG ont adopt\u00e9 les normes prudentielles, les lignes directrices et le syst\u00e8me d'\u00e9valuation et sont d\u00e9termin\u00e9s \u00e0 jouer leur r\u00f4le dans leur mise en \u0153uvre au sein de leurs institutions respectives. En adoptant les NDPSE, les directeurs g\u00e9n\u00e9raux de l'AIAFD sont convaincus qu'elles permettront d'atteindre deux objectifs en particulier :\t\t\t\t\t\t\t\t<\/div>\n\t\t\t\t<div class=\"elementor-element elementor-element-68a46dd elementor-widget elementor-widget-eael-feature-list\" data-id=\"68a46dd\" data-element_type=\"widget\" data-e-type=\"widget\" data-widget_type=\"eael-feature-list.default\">\n\t\t\t\t\t\t\t<div class=\"-icon-position-left -tablet-icon-position-left -mobile-icon-position-left\">\n\t\t\t<ul id=\"eael-feature-list-68a46dd\" class=\"eael-feature-list-items circle framed  eael-feature-list-vertical\" data-layout-tablet=\"vertical\" data-layout-mobile=\"vertical\">\n\t\t\t                <li class=\"eael-feature-list-item elementor-repeater-item-790520d\">\n                    \n\t\t\t\t\t\t<div class=\"eael-feature-list-icon-box\">\n\t\t\t\t\t\t\t<div class=\"eael-feature-list-icon-inner\">\n\n\t\t\t\t\t\t\t\t<span class=\"eael-feature-list-icon fl-icon-0\">\n\n\t\t<svg aria-hidden=\"true\" class=\"e-font-icon-svg e-fas-minus\" viewbox=\"0 0 448 512\" xmlns=\"http:\/\/www.w3.org\/2000\/svg\"><path d=\"M416 208H32c-17.67 0-32 14.33-32 32v32c0 17.67 14.33 32 32 32h384c17.67 0 32-14.33 32-32v-32c0-17.67-14.33-32-32-32z\"><\/path><\/svg>\t\t\t\t\t\t\t\t<\/span>\n\t\t\t\t\t\t\t<\/div>\n\t\t\t\t\t\t<\/div>\n\t\t\t\t\t\t<div class=\"eael-feature-list-content-box\">\n                            <h6 class=\"eael-feature-list-title\">Aider les IFD et leurs propri\u00e9taires \u00e0 examiner leurs propres op\u00e9rations pour d\u00e9terminer dans quelle mesure elles respectent les principes de bonne gouvernance d'entreprise et \u00e0 identifier les points faibles qui doivent \u00eatre corrig\u00e9s ; et<\/h6>\t\t\t\t\t\t<p class=\"eael-feature-list-content\"><\/p>\n\t\t\t\t\t\t<\/div>\n\n\t\t\t\t\t<\/li>\n\t\t\t\t                <li class=\"eael-feature-list-item elementor-repeater-item-d6bd5a1\">\n                    \n\t\t\t\t\t\t<div class=\"eael-feature-list-icon-box\">\n\t\t\t\t\t\t\t<div class=\"eael-feature-list-icon-inner\">\n\n\t\t\t\t\t\t\t\t<span class=\"eael-feature-list-icon fl-icon-1\">\n\n\t\t<svg aria-hidden=\"true\" class=\"e-font-icon-svg e-fas-minus\" viewbox=\"0 0 448 512\" xmlns=\"http:\/\/www.w3.org\/2000\/svg\"><path d=\"M416 208H32c-17.67 0-32 14.33-32 32v32c0 17.67 14.33 32 32 32h384c17.67 0 32-14.33 32-32v-32c0-17.67-14.33-32-32-32z\"><\/path><\/svg>\t\t\t\t\t\t\t\t<\/span>\n\t\t\t\t\t\t\t<\/div>\n\t\t\t\t\t\t<\/div>\n\t\t\t\t\t\t<div class=\"eael-feature-list-content-box\">\n                            <h6 class=\"eael-feature-list-title\">Aider les banques centrales et\/ou les autres autorit\u00e9s de contr\u00f4le \u00e0 concevoir des proc\u00e9dures de contr\u00f4le sur mesure qui tiennent mieux compte de certains aspects des op\u00e9rations des IFD qui diff\u00e8rent fondamentalement des op\u00e9rations des banques commerciales.<\/h6>\t\t\t\t\t\t<p class=\"eael-feature-list-content\"><\/p>\n\t\t\t\t\t\t<\/div>\n\n\t\t\t\t\t<\/li>\n\t\t\t\t\t\t\t<\/ul>\n\t\t<\/div>\n\t\t\t\t\t\t<\/div>\n\t\t\t\t<\/div>\n\t\t<div class=\"elementor-element elementor-element-6472359 e-con-full e-flex e-con e-child\" data-id=\"6472359\" data-element_type=\"container\" data-e-type=\"container\">\n\t\t\t\t<div class=\"elementor-element elementor-element-730608f elementor-widget-divider--view-line elementor-widget elementor-widget-divider\" data-id=\"730608f\" data-element_type=\"widget\" data-e-type=\"widget\" data-widget_type=\"divider.default\">\n\t\t\t\t\t\t\t<div class=\"elementor-divider\">\n\t\t\t<span class=\"elementor-divider-separator\">\n\t\t\t\t\t\t<\/span>\n\t\t<\/div>\n\t\t\t\t\t\t<\/div>\n\t\t\t\t<div class=\"elementor-element elementor-element-ac8a1b7 elementor-align-justify elementor-button-warning elementor-widget elementor-widget-button\" data-id=\"ac8a1b7\" data-element_type=\"widget\" data-e-type=\"widget\" data-widget_type=\"button.default\">\n\t\t\t\t\t\t\t\t\t\t<a class=\"elementor-button elementor-button-link elementor-size-md\" href=\"https:\/\/adfi-ci.org\/wp-content\/uploads\/2024\/05\/NDPSE_Brochure_2eme_Edition2019.pdf\" target=\"_blank\" rel=\"nofollow\">\n\t\t\t\t\t\t<span class=\"elementor-button-content-wrapper\">\n\t\t\t\t\t\t\t\t\t<span class=\"elementor-button-text\"> T\u00e9l\u00e9charger la Brochure NDPSE<\/span>\n\t\t\t\t\t<\/span>\n\t\t\t\t\t<\/a>\n\t\t\t\t\t\t\t\t<\/div>\n\t\t\t\t<div class=\"elementor-element elementor-element-f191ae8 elementor-widget elementor-widget-text-editor\" data-id=\"f191ae8\" data-element_type=\"widget\" data-e-type=\"widget\" data-widget_type=\"text-editor.default\">\n\t\t\t\t\t\t\t\t\t<p style=\"text-align: center;\"><a href=\"https:\/\/adfi-ci.org\/wp-content\/uploads\/2024\/05\/Feuille_Excel_NDPSE_2019-2.xlsx\">T\u00e9l\u00e9charger le Questionnaire en Excel<\/a><\/p>\t\t\t\t\t\t\t\t<\/div>\n\t\t\t\t<div class=\"elementor-element elementor-element-4fd05d2 elementor-widget-divider--view-line elementor-widget elementor-widget-divider\" data-id=\"4fd05d2\" data-element_type=\"widget\" data-e-type=\"widget\" data-widget_type=\"divider.default\">\n\t\t\t\t\t\t\t<div class=\"elementor-divider\">\n\t\t\t<span class=\"elementor-divider-separator\">\n\t\t\t\t\t\t<\/span>\n\t\t<\/div>\n\t\t\t\t\t\t<\/div>\n\t\t\t\t<div class=\"elementor-element elementor-element-8cd2cad elementor-button-info elementor-align-justify elementor-widget elementor-widget-button\" data-id=\"8cd2cad\" data-element_type=\"widget\" data-e-type=\"widget\" data-widget_type=\"button.default\">\n\t\t\t\t\t\t\t\t\t\t<a class=\"elementor-button elementor-button-link elementor-size-sm\" href=\"https:\/\/adfi-ci.org\/wp-content\/uploads\/2024\/05\/Brochure-NDTSE-pour-les-Institutions-Non-Financiere.pdf\">\n\t\t\t\t\t\t<span class=\"elementor-button-content-wrapper\">\n\t\t\t\t\t\t\t\t\t<span class=\"elementor-button-text\">T\u00e9l\u00e9charger la Brochure NDTSE<\/span>\n\t\t\t\t\t<\/span>\n\t\t\t\t\t<\/a>\n\t\t\t\t\t\t\t\t<\/div>\n\t\t\t\t<div class=\"elementor-element elementor-element-1652666 elementor-widget elementor-widget-text-editor\" data-id=\"1652666\" data-element_type=\"widget\" data-e-type=\"widget\" data-widget_type=\"text-editor.default\">\n\t\t\t\t\t\t\t\t\t<p style=\"text-align: center;\"><a href=\"https:\/\/adfi-ci.org\/fr\/download\/10738\/?tmstv=1726658561\">T\u00e9l\u00e9charger le Questionnaire en Excel<\/a><\/p>\t\t\t\t\t\t\t\t<\/div>\n\t\t\t\t<div class=\"elementor-element elementor-element-c565640 elementor-widget-divider--view-line elementor-widget elementor-widget-divider\" data-id=\"c565640\" data-element_type=\"widget\" data-e-type=\"widget\" data-widget_type=\"divider.default\">\n\t\t\t\t\t\t\t<div class=\"elementor-divider\">\n\t\t\t<span class=\"elementor-divider-separator\">\n\t\t\t\t\t\t<\/span>\n\t\t<\/div>\n\t\t\t\t\t\t<\/div>\n\t\t\t\t<\/div>\n\t\t\t\t\t<\/div>\n\t\t\t\t<\/div>\n\t\t\t\t<section class=\"elementor-section elementor-top-section elementor-element elementor-element-5aa952d elementor-section-content-top elementor-section-full_width elementor-section-height-default elementor-section-height-default\" data-id=\"5aa952d\" data-element_type=\"section\" data-e-type=\"section\" data-settings=\"{&quot;background_background&quot;:&quot;classic&quot;}\">\n\t\t\t\t\t\t\t<div class=\"elementor-background-overlay\"><\/div>\n\t\t\t\t\t\t\t<div class=\"elementor-container elementor-column-gap-no\">\n\t\t\t\t\t<div class=\"elementor-column elementor-col-100 elementor-top-column elementor-element elementor-element-3918b6a\" data-id=\"3918b6a\" data-element_type=\"column\" data-e-type=\"column\">\n\t\t\t<div class=\"elementor-widget-wrap elementor-element-populated\">\n\t\t\t\t<div class=\"elementor-element elementor-element-37be4ca e-flex e-con-boxed e-con e-parent\" data-id=\"37be4ca\" data-element_type=\"container\" data-e-type=\"container\">\n\t\t\t\t\t<div class=\"e-con-inner\">\n\t\t\t\t<div class=\"elementor-element elementor-element-e555ddd elementor-widget-divider--view-line elementor-widget elementor-widget-divider\" data-id=\"e555ddd\" data-element_type=\"widget\" data-e-type=\"widget\" data-widget_type=\"divider.default\">\n\t\t\t\t\t\t\t<div class=\"elementor-divider\">\n\t\t\t<span class=\"elementor-divider-separator\">\n\t\t\t\t\t\t<\/span>\n\t\t<\/div>\n\t\t\t\t\t\t<\/div>\n\t\t\t\t\t<\/div>\n\t\t\t\t<\/div>\n\t\t\t\t\t<\/div>\n\t\t<\/div>\n\t\t\t\t\t<\/div>\n\t\t<\/section>\n\t\t\t\t<\/div>","protected":false},"excerpt":{"rendered":"<p>PRUDENTIAL STANDARDS, GUIDELINES AND RATING SYSTEM\u200b The Association of African Development Finance Institutions (AADFI), in collaboration with the African Development Bank (ADB), is pleased to publish its Prudential Standards, Guidelines and Rating System (PSGRS) for African Development Banks and Finance Institutions. In the year 2000, the AADFI requested the ADB to conduct a study on [&hellip;]<\/p>\n","protected":false},"author":1,"featured_media":0,"parent":0,"menu_order":0,"comment_status":"closed","ping_status":"closed","template":"","meta":{"_acf_changed":false,"nf_dc_page":"","_eb_attr":"","_monsterinsights_skip_tracking":false,"_monsterinsights_sitenote_active":false,"_monsterinsights_sitenote_note":"","_monsterinsights_sitenote_category":0,"_uf_show_specific_survey":0,"_uf_disable_surveys":false,"site-sidebar-layout":"no-sidebar","site-content-layout":"page-builder","ast-site-content-layout":"default","site-content-style":"default","site-sidebar-style":"default","ast-global-header-display":"","ast-banner-title-visibility":"","ast-main-header-display":"","ast-hfb-above-header-display":"","ast-hfb-below-header-display":"","ast-hfb-mobile-header-display":"","site-post-title":"disabled","ast-breadcrumbs-content":"","ast-featured-img":"disabled","footer-sml-layout":"","ast-disable-related-posts":"","theme-transparent-header-meta":"","adv-header-id-meta":"","stick-header-meta":"","header-above-stick-meta":"","header-main-stick-meta":"","header-below-stick-meta":"","astra-migrate-meta-layouts":"set","ast-page-background-enabled":"default","ast-page-background-meta":{"desktop":{"background-color":"var(--ast-global-color-4)","background-image":"","background-repeat":"repeat","background-position":"center center","background-size":"auto","background-attachment":"scroll","background-type":"","background-media":"","overlay-type":"","overlay-color":"","overlay-opacity":"","overlay-gradient":""},"tablet":{"background-color":"","background-image":"","background-repeat":"repeat","background-position":"center center","background-size":"auto","background-attachment":"scroll","background-type":"","background-media":"","overlay-type":"","overlay-color":"","overlay-opacity":"","overlay-gradient":""},"mobile":{"background-color":"","background-image":"","background-repeat":"repeat","background-position":"center center","background-size":"auto","background-attachment":"scroll","background-type":"","background-media":"","overlay-type":"","overlay-color":"","overlay-opacity":"","overlay-gradient":""}},"ast-content-background-meta":{"desktop":{"background-color":"var(--ast-global-color-5)","background-image":"","background-repeat":"repeat","background-position":"center center","background-size":"auto","background-attachment":"scroll","background-type":"","background-media":"","overlay-type":"","overlay-color":"","overlay-opacity":"","overlay-gradient":""},"tablet":{"background-color":"var(--ast-global-color-5)","background-image":"","background-repeat":"repeat","background-position":"center center","background-size":"auto","background-attachment":"scroll","background-type":"","background-media":"","overlay-type":"","overlay-color":"","overlay-opacity":"","overlay-gradient":""},"mobile":{"background-color":"var(--ast-global-color-5)","background-image":"","background-repeat":"repeat","background-position":"center center","background-size":"auto","background-attachment":"scroll","background-type":"","background-media":"","overlay-type":"","overlay-color":"","overlay-opacity":"","overlay-gradient":""}},"two_page_speed":[],"footnotes":""},"class_list":["post-6933","page","type-page","status-publish","hentry"],"acf":[],"aioseo_notices":[],"jetpack_sharing_enabled":true,"rttpg_featured_image_url":null,"rttpg_author":{"display_name":"AdmAADFI","author_link":"https:\/\/adfi-ci.org\/fr\/author\/admaadfi\/"},"rttpg_comment":0,"rttpg_category":null,"rttpg_excerpt":"PRUDENTIAL STANDARDS, GUIDELINES AND RATING SYSTEM\u200b The Association of African Development Finance Institutions (AADFI), in collaboration with the African Development Bank (ADB), is pleased to publish its Prudential Standards, Guidelines and Rating System (PSGRS) for African Development Banks and Finance Institutions. In the year 2000, the AADFI requested the ADB to conduct a study on\u2026","_links":{"self":[{"href":"https:\/\/adfi-ci.org\/fr\/wp-json\/wp\/v2\/pages\/6933","targetHints":{"allow":["GET"]}}],"collection":[{"href":"https:\/\/adfi-ci.org\/fr\/wp-json\/wp\/v2\/pages"}],"about":[{"href":"https:\/\/adfi-ci.org\/fr\/wp-json\/wp\/v2\/types\/page"}],"author":[{"embeddable":true,"href":"https:\/\/adfi-ci.org\/fr\/wp-json\/wp\/v2\/users\/1"}],"replies":[{"embeddable":true,"href":"https:\/\/adfi-ci.org\/fr\/wp-json\/wp\/v2\/comments?post=6933"}],"version-history":[{"count":43,"href":"https:\/\/adfi-ci.org\/fr\/wp-json\/wp\/v2\/pages\/6933\/revisions"}],"predecessor-version":[{"id":9270,"href":"https:\/\/adfi-ci.org\/fr\/wp-json\/wp\/v2\/pages\/6933\/revisions\/9270"}],"wp:attachment":[{"href":"https:\/\/adfi-ci.org\/fr\/wp-json\/wp\/v2\/media?parent=6933"}],"curies":[{"name":"wp","href":"https:\/\/api.w.org\/{rel}","templated":true}]}}